{"id":10961,"date":"2024-02-29T10:26:34","date_gmt":"2024-02-29T09:26:34","guid":{"rendered":"https:\/\/www.gout.ch\/?page_id=10961"},"modified":"2024-02-29T10:33:16","modified_gmt":"2024-02-29T09:33:16","slug":"gian-battista-et-johann-baptista-von-tscharner","status":"publish","type":"page","link":"https:\/\/www.gout.ch\/de\/gian-battista-et-johann-baptista-von-tscharner\/","title":{"rendered":"Gian-Battista et Johann-Baptista von Tscharner"},"content":{"rendered":"<p><strong>Die Winzer und Schlossherren aus Reichenau, Vater Gian-Battista und Sohn Johann-Baptista von Tscharner sind die Botschafter der Schweizer Genusswoche 2024.<\/strong><\/p>\n<p><img loading=\"lazy\" decoding=\"async\" class=\"wp-image-10948 alignleft\" src=\"https:\/\/www.gout.ch\/wp-content\/uploads\/2024\/02\/Fotografen_SalzPfeffer_Wingert_Keller-43-scaled.jpg\" alt=\"\" width=\"536\" height=\"804\" \/>Es ist das zweite Mal in der Geschichte des schweizweiten Anlasses der Genusswoche, dass ein Winzer zum Genuss-Botschafter gew\u00e4hlt wird. Nach Marie-Th\u00e9r\u00e8se Chappaz im Jahre 2009 sind es dieses Jahr zwei Winzer (Vater und Sohn), die die Paten der Schweizer Genusswoche sind.<br \/>\nDas Schloss Reichenau thront \u00fcber dem Zusammenfluss von Vorder- und Hinterrhein. Eine privilegierte Lage an einem Br\u00fcckenkopf der alten Handelsroute zwischen Chur und Tirano, dem Tor zu Italien. Aus der Handelsroute wurde eine Genuss-Route, die zuerst ins Engadin und dann \u00fcber den Berninapass ins Puschlav f\u00fchrt.<br \/>\nIn diesem Schloss in Reichenau leben die Winzer von Tscharner. Sie z\u00e4hlen zu den besten der Schweiz. \u00dcbrigens hat die 2004 gegr\u00fcndete Vereinigung &#8222;M\u00e9moire des Vins Suisses&#8220;, die das Lagerungspotenzial der Schweizer Weine aufzeigen will, von Tscharners Weinberge und deren Referenzwein Pinot Noir, von Anfang an in ihre Reihen aufgenommen. Aber die von Tscharners sind auch von der typischen Rebsorte Completer fasziniert, die sie als &#8222;K\u00f6nigin der Schweizer Wei\u00dfweine&#8220; bezeichnen.<br \/>\nNebst ihrem Wein produzieren unsere Winzer und Schlossherren auf den sandigen B\u00f6den des Rheins auch fast zwei Tonnen Spargeln pro Jahr.<br \/>\n&#8222;Die Schweizer Genusswoche 2024 hat das Gl\u00fcck, grossz\u00fcgige, wortgewandte und leidenschaftliche Botschafter zu haben, die genau wie ihre Weine den Schweizer Wein zum Strahlen bringen&#8220;, so Nicolas Joss, Direktor von Swiss Wine Promotion .<\/p>\n","protected":false},"excerpt":{"rendered":"<p>Die Winzer und Schlossherren aus Reichenau, Vater Gian-Battista und Sohn Johann-Baptista von Tscharner sind die Botschafter der [&hellip;]<\/p>\n","protected":false},"author":3,"featured_media":0,"parent":0,"menu_order":0,"comment_status":"closed","ping_status":"closed","template":"","meta":{"_acf_changed":false,"footnotes":""},"class_list":["post-10961","page","type-page","status-publish","hentry"],"acf":[],"yoast_head":"<!-- This site is optimized with the Yoast SEO plugin v27.5 - https:\/\/yoast.com\/product\/yoast-seo-wordpress\/ -->\n<title>Gian-Battista et Johann-Baptista von Tscharner - Die Genusswoche<\/title>\n<meta name=\"robots\" content=\"index, follow, max-snippet:-1, max-image-preview:large, max-video-preview:-1\" \/>\n<link rel=\"canonical\" href=\"https:\/\/www.gout.ch\/de\/gian-battista-et-johann-baptista-von-tscharner\/\" \/>\n<meta property=\"og:locale\" content=\"de_DE\" \/>\n<meta property=\"og:type\" content=\"article\" \/>\n<meta property=\"og:title\" content=\"Gian-Battista et Johann-Baptista von Tscharner - Die Genusswoche\" \/>\n<meta property=\"og:description\" content=\"Die Winzer und Schlossherren aus Reichenau, Vater Gian-Battista und Sohn Johann-Baptista von Tscharner sind die Botschafter der [&hellip;]\" \/>\n<meta property=\"og:url\" content=\"https:\/\/www.gout.ch\/de\/gian-battista-et-johann-baptista-von-tscharner\/\" \/>\n<meta property=\"og:site_name\" content=\"Die Genusswoche\" \/>\n<meta property=\"article:modified_time\" content=\"2024-02-29T09:33:16+00:00\" \/>\n<meta property=\"og:image\" content=\"https:\/\/www.gout.ch\/wp-content\/uploads\/2024\/02\/Fotografen_SalzPfeffer_Wingert_Keller-43-scaled.jpg\" \/>\n<meta name=\"twitter:card\" content=\"summary_large_image\" \/>\n<meta name=\"twitter:label1\" content=\"Gesch\u00e4tzte Lesezeit\" \/>\n\t<meta name=\"twitter:data1\" content=\"2\u00a0Minuten\" \/>\n<script type=\"application\/ld+json\" class=\"yoast-schema-graph\">{\"@context\":\"https:\\\/\\\/schema.org\",\"@graph\":[{\"@type\":\"WebPage\",\"@id\":\"https:\\\/\\\/www.gout.ch\\\/de\\\/gian-battista-et-johann-baptista-von-tscharner\\\/\",\"url\":\"https:\\\/\\\/www.gout.ch\\\/de\\\/gian-battista-et-johann-baptista-von-tscharner\\\/\",\"name\":\"Gian-Battista et Johann-Baptista von Tscharner - Die Genusswoche\",\"isPartOf\":{\"@id\":\"https:\\\/\\\/www.gout.ch\\\/de\\\/#website\"},\"primaryImageOfPage\":{\"@id\":\"https:\\\/\\\/www.gout.ch\\\/de\\\/gian-battista-et-johann-baptista-von-tscharner\\\/#primaryimage\"},\"image\":{\"@id\":\"https:\\\/\\\/www.gout.ch\\\/de\\\/gian-battista-et-johann-baptista-von-tscharner\\\/#primaryimage\"},\"thumbnailUrl\":\"https:\\\/\\\/www.gout.ch\\\/wp-content\\\/uploads\\\/2024\\\/02\\\/Fotografen_SalzPfeffer_Wingert_Keller-43-scaled.jpg\",\"datePublished\":\"2024-02-29T09:26:34+00:00\",\"dateModified\":\"2024-02-29T09:33:16+00:00\",\"breadcrumb\":{\"@id\":\"https:\\\/\\\/www.gout.ch\\\/de\\\/gian-battista-et-johann-baptista-von-tscharner\\\/#breadcrumb\"},\"inLanguage\":\"de\",\"potentialAction\":[{\"@type\":\"ReadAction\",\"target\":[\"https:\\\/\\\/www.gout.ch\\\/de\\\/gian-battista-et-johann-baptista-von-tscharner\\\/\"]}]},{\"@type\":\"ImageObject\",\"inLanguage\":\"de\",\"@id\":\"https:\\\/\\\/www.gout.ch\\\/de\\\/gian-battista-et-johann-baptista-von-tscharner\\\/#primaryimage\",\"url\":\"https:\\\/\\\/www.gout.ch\\\/wp-content\\\/uploads\\\/2024\\\/02\\\/Fotografen_SalzPfeffer_Wingert_Keller-43-scaled.jpg\",\"contentUrl\":\"https:\\\/\\\/www.gout.ch\\\/wp-content\\\/uploads\\\/2024\\\/02\\\/Fotografen_SalzPfeffer_Wingert_Keller-43-scaled.jpg\"},{\"@type\":\"BreadcrumbList\",\"@id\":\"https:\\\/\\\/www.gout.ch\\\/de\\\/gian-battista-et-johann-baptista-von-tscharner\\\/#breadcrumb\",\"itemListElement\":[{\"@type\":\"ListItem\",\"position\":1,\"name\":\"Accueil\",\"item\":\"https:\\\/\\\/www.gout.ch\\\/de\\\/\"},{\"@type\":\"ListItem\",\"position\":2,\"name\":\"Gian-Battista et Johann-Baptista von Tscharner\"}]},{\"@type\":\"WebSite\",\"@id\":\"https:\\\/\\\/www.gout.ch\\\/de\\\/#website\",\"url\":\"https:\\\/\\\/www.gout.ch\\\/de\\\/\",\"name\":\"Die Genusswoche\",\"description\":\"\",\"potentialAction\":[{\"@type\":\"SearchAction\",\"target\":{\"@type\":\"EntryPoint\",\"urlTemplate\":\"https:\\\/\\\/www.gout.ch\\\/de\\\/?s={search_term_string}\"},\"query-input\":{\"@type\":\"PropertyValueSpecification\",\"valueRequired\":true,\"valueName\":\"search_term_string\"}}],\"inLanguage\":\"de\"}]}<\/script>\n<!-- \/ Yoast SEO plugin. -->","yoast_head_json":{"title":"Gian-Battista et Johann-Baptista von Tscharner - Die Genusswoche","robots":{"index":"index","follow":"follow","max-snippet":"max-snippet:-1","max-image-preview":"max-image-preview:large","max-video-preview":"max-video-preview:-1"},"canonical":"https:\/\/www.gout.ch\/de\/gian-battista-et-johann-baptista-von-tscharner\/","og_locale":"de_DE","og_type":"article","og_title":"Gian-Battista et Johann-Baptista von Tscharner - Die Genusswoche","og_description":"Die Winzer und Schlossherren aus Reichenau, Vater Gian-Battista und Sohn Johann-Baptista von Tscharner sind die Botschafter der [&hellip;]","og_url":"https:\/\/www.gout.ch\/de\/gian-battista-et-johann-baptista-von-tscharner\/","og_site_name":"Die Genusswoche","article_modified_time":"2024-02-29T09:33:16+00:00","og_image":[{"url":"https:\/\/www.gout.ch\/wp-content\/uploads\/2024\/02\/Fotografen_SalzPfeffer_Wingert_Keller-43-scaled.jpg","type":"","width":"","height":""}],"twitter_card":"summary_large_image","twitter_misc":{"Gesch\u00e4tzte Lesezeit":"2\u00a0Minuten"},"schema":{"@context":"https:\/\/schema.org","@graph":[{"@type":"WebPage","@id":"https:\/\/www.gout.ch\/de\/gian-battista-et-johann-baptista-von-tscharner\/","url":"https:\/\/www.gout.ch\/de\/gian-battista-et-johann-baptista-von-tscharner\/","name":"Gian-Battista et Johann-Baptista von Tscharner - Die Genusswoche","isPartOf":{"@id":"https:\/\/www.gout.ch\/de\/#website"},"primaryImageOfPage":{"@id":"https:\/\/www.gout.ch\/de\/gian-battista-et-johann-baptista-von-tscharner\/#primaryimage"},"image":{"@id":"https:\/\/www.gout.ch\/de\/gian-battista-et-johann-baptista-von-tscharner\/#primaryimage"},"thumbnailUrl":"https:\/\/www.gout.ch\/wp-content\/uploads\/2024\/02\/Fotografen_SalzPfeffer_Wingert_Keller-43-scaled.jpg","datePublished":"2024-02-29T09:26:34+00:00","dateModified":"2024-02-29T09:33:16+00:00","breadcrumb":{"@id":"https:\/\/www.gout.ch\/de\/gian-battista-et-johann-baptista-von-tscharner\/#breadcrumb"},"inLanguage":"de","potentialAction":[{"@type":"ReadAction","target":["https:\/\/www.gout.ch\/de\/gian-battista-et-johann-baptista-von-tscharner\/"]}]},{"@type":"ImageObject","inLanguage":"de","@id":"https:\/\/www.gout.ch\/de\/gian-battista-et-johann-baptista-von-tscharner\/#primaryimage","url":"https:\/\/www.gout.ch\/wp-content\/uploads\/2024\/02\/Fotografen_SalzPfeffer_Wingert_Keller-43-scaled.jpg","contentUrl":"https:\/\/www.gout.ch\/wp-content\/uploads\/2024\/02\/Fotografen_SalzPfeffer_Wingert_Keller-43-scaled.jpg"},{"@type":"BreadcrumbList","@id":"https:\/\/www.gout.ch\/de\/gian-battista-et-johann-baptista-von-tscharner\/#breadcrumb","itemListElement":[{"@type":"ListItem","position":1,"name":"Accueil","item":"https:\/\/www.gout.ch\/de\/"},{"@type":"ListItem","position":2,"name":"Gian-Battista et Johann-Baptista von Tscharner"}]},{"@type":"WebSite","@id":"https:\/\/www.gout.ch\/de\/#website","url":"https:\/\/www.gout.ch\/de\/","name":"Die Genusswoche","description":"","potentialAction":[{"@type":"SearchAction","target":{"@type":"EntryPoint","urlTemplate":"https:\/\/www.gout.ch\/de\/?s={search_term_string}"},"query-input":{"@type":"PropertyValueSpecification","valueRequired":true,"valueName":"search_term_string"}}],"inLanguage":"de"}]}},"_links":{"self":[{"href":"https:\/\/www.gout.ch\/de\/wp-json\/wp\/v2\/pages\/10961","targetHints":{"allow":["GET"]}}],"collection":[{"href":"https:\/\/www.gout.ch\/de\/wp-json\/wp\/v2\/pages"}],"about":[{"href":"https:\/\/www.gout.ch\/de\/wp-json\/wp\/v2\/types\/page"}],"author":[{"embeddable":true,"href":"https:\/\/www.gout.ch\/de\/wp-json\/wp\/v2\/users\/3"}],"replies":[{"embeddable":true,"href":"https:\/\/www.gout.ch\/de\/wp-json\/wp\/v2\/comments?post=10961"}],"version-history":[{"count":5,"href":"https:\/\/www.gout.ch\/de\/wp-json\/wp\/v2\/pages\/10961\/revisions"}],"predecessor-version":[{"id":10986,"href":"https:\/\/www.gout.ch\/de\/wp-json\/wp\/v2\/pages\/10961\/revisions\/10986"}],"wp:attachment":[{"href":"https:\/\/www.gout.ch\/de\/wp-json\/wp\/v2\/media?parent=10961"}],"curies":[{"name":"wp","href":"https:\/\/api.w.org\/{rel}","templated":true}]}}