{"id":1166,"date":"2017-05-09T15:21:11","date_gmt":"2017-05-09T13:21:11","guid":{"rendered":"https:\/\/www.gout.ch\/?page_id=1166\/"},"modified":"2017-05-16T15:26:40","modified_gmt":"2017-05-16T13:26:40","slug":"qualitaets-komitee","status":"publish","type":"page","link":"https:\/\/www.gout.ch\/de\/qualitaets-komitee\/","title":{"rendered":"Qualit\u00e4tskomitee"},"content":{"rendered":"<p>Es gibt Qualit\u00e4tskomitees in jeder Region. Sie sind aus Gastwirten, K\u00f6chen, Handwerkern, Lehrpersonen, Journalisten, \u00c4rzten, Geniessern und Genussexperten aller Art zusammengesetzt.<\/p>\n<p>Jedes regionale Qualit\u00e4tskomitee tritt nach Abschluss der Anmeldefrist (Ende Mai \u2013 Anfang Juni) zusammen, um die vorgeschlagenen Veranstaltungen zu pr\u00fcfen und zu genehmigen, wobei die Genehmigung davon abh\u00e4ngt, ob sie mit der Charta der Schweizer Genusswoche im Einklang sind.<\/p>\n<p>&nbsp;<\/p>\n","protected":false},"excerpt":{"rendered":"<p>Es gibt Qualit\u00e4tskomitees in jeder Region. Sie sind aus Gastwirten, K\u00f6chen, Handwerkern, Lehrpersonen, Journalisten, \u00c4rzten, Geniessern und [&hellip;]<\/p>\n","protected":false},"author":1,"featured_media":0,"parent":0,"menu_order":0,"comment_status":"closed","ping_status":"closed","template":"template-comite-qualite.php","meta":{"_acf_changed":false,"footnotes":""},"class_list":["post-1166","page","type-page","status-publish","hentry"],"acf":[],"yoast_head":"<!-- This site is optimized with the Yoast SEO plugin v27.5 - https:\/\/yoast.com\/product\/yoast-seo-wordpress\/ -->\n<title>Qualit\u00e4tskomitee - Die Genusswoche<\/title>\n<meta name=\"robots\" content=\"index, follow, max-snippet:-1, max-image-preview:large, max-video-preview:-1\" \/>\n<link rel=\"canonical\" href=\"https:\/\/www.gout.ch\/de\/qualitaets-komitee\/\" \/>\n<meta property=\"og:locale\" content=\"de_DE\" \/>\n<meta property=\"og:type\" content=\"article\" \/>\n<meta property=\"og:title\" content=\"Qualit\u00e4tskomitee - Die Genusswoche\" \/>\n<meta property=\"og:description\" content=\"Es gibt Qualit\u00e4tskomitees in jeder Region. Sie sind aus Gastwirten, K\u00f6chen, Handwerkern, Lehrpersonen, Journalisten, \u00c4rzten, Geniessern und [&hellip;]\" \/>\n<meta property=\"og:url\" content=\"https:\/\/www.gout.ch\/de\/qualitaets-komitee\/\" \/>\n<meta property=\"og:site_name\" content=\"Die Genusswoche\" \/>\n<meta property=\"article:modified_time\" content=\"2017-05-16T13:26:40+00:00\" \/>\n<meta name=\"twitter:card\" content=\"summary_large_image\" \/>\n<script type=\"application\/ld+json\" class=\"yoast-schema-graph\">{\"@context\":\"https:\\\/\\\/schema.org\",\"@graph\":[{\"@type\":\"WebPage\",\"@id\":\"https:\\\/\\\/www.gout.ch\\\/de\\\/qualitaets-komitee\\\/\",\"url\":\"https:\\\/\\\/www.gout.ch\\\/de\\\/qualitaets-komitee\\\/\",\"name\":\"Qualit\u00e4tskomitee - Die Genusswoche\",\"isPartOf\":{\"@id\":\"https:\\\/\\\/www.gout.ch\\\/de\\\/#website\"},\"datePublished\":\"2017-05-09T13:21:11+00:00\",\"dateModified\":\"2017-05-16T13:26:40+00:00\",\"breadcrumb\":{\"@id\":\"https:\\\/\\\/www.gout.ch\\\/de\\\/qualitaets-komitee\\\/#breadcrumb\"},\"inLanguage\":\"de\",\"potentialAction\":[{\"@type\":\"ReadAction\",\"target\":[\"https:\\\/\\\/www.gout.ch\\\/de\\\/qualitaets-komitee\\\/\"]}]},{\"@type\":\"BreadcrumbList\",\"@id\":\"https:\\\/\\\/www.gout.ch\\\/de\\\/qualitaets-komitee\\\/#breadcrumb\",\"itemListElement\":[{\"@type\":\"ListItem\",\"position\":1,\"name\":\"Accueil\",\"item\":\"https:\\\/\\\/www.gout.ch\\\/de\\\/\"},{\"@type\":\"ListItem\",\"position\":2,\"name\":\"Qualit\u00e4tskomitee\"}]},{\"@type\":\"WebSite\",\"@id\":\"https:\\\/\\\/www.gout.ch\\\/de\\\/#website\",\"url\":\"https:\\\/\\\/www.gout.ch\\\/de\\\/\",\"name\":\"Die Genusswoche\",\"description\":\"\",\"potentialAction\":[{\"@type\":\"SearchAction\",\"target\":{\"@type\":\"EntryPoint\",\"urlTemplate\":\"https:\\\/\\\/www.gout.ch\\\/de\\\/?s={search_term_string}\"},\"query-input\":{\"@type\":\"PropertyValueSpecification\",\"valueRequired\":true,\"valueName\":\"search_term_string\"}}],\"inLanguage\":\"de\"}]}<\/script>\n<!-- \/ Yoast SEO plugin. -->","yoast_head_json":{"title":"Qualit\u00e4tskomitee - Die Genusswoche","robots":{"index":"index","follow":"follow","max-snippet":"max-snippet:-1","max-image-preview":"max-image-preview:large","max-video-preview":"max-video-preview:-1"},"canonical":"https:\/\/www.gout.ch\/de\/qualitaets-komitee\/","og_locale":"de_DE","og_type":"article","og_title":"Qualit\u00e4tskomitee - Die Genusswoche","og_description":"Es gibt Qualit\u00e4tskomitees in jeder Region. Sie sind aus Gastwirten, K\u00f6chen, Handwerkern, Lehrpersonen, Journalisten, \u00c4rzten, Geniessern und [&hellip;]","og_url":"https:\/\/www.gout.ch\/de\/qualitaets-komitee\/","og_site_name":"Die Genusswoche","article_modified_time":"2017-05-16T13:26:40+00:00","twitter_card":"summary_large_image","schema":{"@context":"https:\/\/schema.org","@graph":[{"@type":"WebPage","@id":"https:\/\/www.gout.ch\/de\/qualitaets-komitee\/","url":"https:\/\/www.gout.ch\/de\/qualitaets-komitee\/","name":"Qualit\u00e4tskomitee - Die Genusswoche","isPartOf":{"@id":"https:\/\/www.gout.ch\/de\/#website"},"datePublished":"2017-05-09T13:21:11+00:00","dateModified":"2017-05-16T13:26:40+00:00","breadcrumb":{"@id":"https:\/\/www.gout.ch\/de\/qualitaets-komitee\/#breadcrumb"},"inLanguage":"de","potentialAction":[{"@type":"ReadAction","target":["https:\/\/www.gout.ch\/de\/qualitaets-komitee\/"]}]},{"@type":"BreadcrumbList","@id":"https:\/\/www.gout.ch\/de\/qualitaets-komitee\/#breadcrumb","itemListElement":[{"@type":"ListItem","position":1,"name":"Accueil","item":"https:\/\/www.gout.ch\/de\/"},{"@type":"ListItem","position":2,"name":"Qualit\u00e4tskomitee"}]},{"@type":"WebSite","@id":"https:\/\/www.gout.ch\/de\/#website","url":"https:\/\/www.gout.ch\/de\/","name":"Die Genusswoche","description":"","potentialAction":[{"@type":"SearchAction","target":{"@type":"EntryPoint","urlTemplate":"https:\/\/www.gout.ch\/de\/?s={search_term_string}"},"query-input":{"@type":"PropertyValueSpecification","valueRequired":true,"valueName":"search_term_string"}}],"inLanguage":"de"}]}},"_links":{"self":[{"href":"https:\/\/www.gout.ch\/de\/wp-json\/wp\/v2\/pages\/1166","targetHints":{"allow":["GET"]}}],"collection":[{"href":"https:\/\/www.gout.ch\/de\/wp-json\/wp\/v2\/pages"}],"about":[{"href":"https:\/\/www.gout.ch\/de\/wp-json\/wp\/v2\/types\/page"}],"author":[{"embeddable":true,"href":"https:\/\/www.gout.ch\/de\/wp-json\/wp\/v2\/users\/1"}],"replies":[{"embeddable":true,"href":"https:\/\/www.gout.ch\/de\/wp-json\/wp\/v2\/comments?post=1166"}],"version-history":[{"count":3,"href":"https:\/\/www.gout.ch\/de\/wp-json\/wp\/v2\/pages\/1166\/revisions"}],"predecessor-version":[{"id":1243,"href":"https:\/\/www.gout.ch\/de\/wp-json\/wp\/v2\/pages\/1166\/revisions\/1243"}],"wp:attachment":[{"href":"https:\/\/www.gout.ch\/de\/wp-json\/wp\/v2\/media?parent=1166"}],"curies":[{"name":"wp","href":"https:\/\/api.w.org\/{rel}","templated":true}]}}