{"id":12352,"date":"2025-03-26T10:24:09","date_gmt":"2025-03-26T09:24:09","guid":{"rendered":"https:\/\/www.gout.ch\/?page_id=12352"},"modified":"2025-04-08T11:25:21","modified_gmt":"2025-04-08T09:25:21","slug":"edgard-bovier","status":"publish","type":"page","link":"https:\/\/www.gout.ch\/de\/edgard-bovier\/","title":{"rendered":"Edgard Bovier"},"content":{"rendered":"<p><strong><img loading=\"lazy\" decoding=\"async\" class=\"alignleft wp-image-12252\" src=\"https:\/\/www.gout.ch\/wp-content\/uploads\/2025\/02\/Edgar-Bovier_IMG_2732.png\" alt=\"\" width=\"286\" height=\"373\" \/><\/strong><\/p>\n<p><strong data-wp-editing=\"1\">Edgard Bovier, Genuss-Pate 2025<\/strong><\/p>\n<p>W\u00e4hrend 50 Jahren in der K\u00fcche, die ihn von den gr\u00f6ssten Pal\u00e4sten bis zum\u00a0<a href=\"https:\/\/lecerfrougemont.ch\/\">\u00abLe Cerf\u00bb in Rougemont<\/a>\u00a0gef\u00fchrt haben, hat der Walliser Edgard Bovier Sterne, Auszeichnungen und Ehrungen gesammelt. Nun ist er Pate der Genusswoche.<\/p>\n<p>\u00abIch habe stets eine K\u00fcche voller Geschmack und authentischer Aromen bevorzugt\u00bb, sagt Edgard Bovier, der bekannte Walliser Spitzenkoch. Als Pate der Genusswoche 2025 bleibt er seiner Linie treu: mediterrane Einfl\u00fcsse, verfeinert mit den besten regionalen Produkten. Nach Jahren in den renommiertesten Palasthotels in der Schweiz und Griechenlands widmet er sich nun der K\u00fcche des Pays-d\u2019Enhaut. Im Le Cerf in Rougemont zelebriert er mit Leidenschaft das kulinarische Erbe der Schweiz. F\u00fcr ihn ist Aigle die perfekte Genussstadt 2025 \u2013 ein Schmelztiegel alpiner K\u00fcchen an der Achse zwischen Bergen, See und Italien.<\/p>\n","protected":false},"excerpt":{"rendered":"<p>Edgard Bovier, Genuss-Pate 2025 W\u00e4hrend 50 Jahren in der K\u00fcche, die ihn von den gr\u00f6ssten Pal\u00e4sten bis [&hellip;]<\/p>\n","protected":false},"author":3,"featured_media":0,"parent":0,"menu_order":0,"comment_status":"closed","ping_status":"closed","template":"","meta":{"_acf_changed":false,"footnotes":""},"class_list":["post-12352","page","type-page","status-publish","hentry"],"acf":[],"yoast_head":"<!-- This site is optimized with the Yoast SEO plugin v27.3 - https:\/\/yoast.com\/product\/yoast-seo-wordpress\/ -->\n<title>Edgard Bovier - Die Genusswoche<\/title>\n<meta name=\"robots\" content=\"index, follow, max-snippet:-1, max-image-preview:large, max-video-preview:-1\" \/>\n<link rel=\"canonical\" href=\"https:\/\/www.gout.ch\/de\/edgard-bovier\/\" \/>\n<meta property=\"og:locale\" content=\"de_DE\" \/>\n<meta property=\"og:type\" content=\"article\" \/>\n<meta property=\"og:title\" content=\"Edgard Bovier - Die Genusswoche\" \/>\n<meta property=\"og:description\" content=\"Edgard Bovier, Genuss-Pate 2025 W\u00e4hrend 50 Jahren in der K\u00fcche, die ihn von den gr\u00f6ssten Pal\u00e4sten bis [&hellip;]\" \/>\n<meta property=\"og:url\" content=\"https:\/\/www.gout.ch\/de\/edgard-bovier\/\" \/>\n<meta property=\"og:site_name\" content=\"Die Genusswoche\" \/>\n<meta property=\"article:modified_time\" content=\"2025-04-08T09:25:21+00:00\" \/>\n<meta property=\"og:image\" content=\"https:\/\/www.gout.ch\/wp-content\/uploads\/2025\/02\/Edgar-Bovier_IMG_2732.png\" \/>\n\t<meta property=\"og:image:width\" content=\"786\" \/>\n\t<meta property=\"og:image:height\" content=\"1024\" \/>\n\t<meta property=\"og:image:type\" content=\"image\/png\" \/>\n<meta name=\"twitter:card\" content=\"summary_large_image\" \/>\n<meta name=\"twitter:label1\" content=\"Gesch\u00e4tzte Lesezeit\" \/>\n\t<meta name=\"twitter:data1\" content=\"1\u00a0Minute\" \/>\n<script type=\"application\/ld+json\" class=\"yoast-schema-graph\">{\"@context\":\"https:\\\/\\\/schema.org\",\"@graph\":[{\"@type\":\"WebPage\",\"@id\":\"https:\\\/\\\/www.gout.ch\\\/de\\\/edgard-bovier\\\/\",\"url\":\"https:\\\/\\\/www.gout.ch\\\/de\\\/edgard-bovier\\\/\",\"name\":\"Edgard Bovier - Die Genusswoche\",\"isPartOf\":{\"@id\":\"https:\\\/\\\/www.gout.ch\\\/de\\\/#website\"},\"primaryImageOfPage\":{\"@id\":\"https:\\\/\\\/www.gout.ch\\\/de\\\/edgard-bovier\\\/#primaryimage\"},\"image\":{\"@id\":\"https:\\\/\\\/www.gout.ch\\\/de\\\/edgard-bovier\\\/#primaryimage\"},\"thumbnailUrl\":\"https:\\\/\\\/www.gout.ch\\\/wp-content\\\/uploads\\\/2025\\\/02\\\/Edgar-Bovier_IMG_2732.png\",\"datePublished\":\"2025-03-26T09:24:09+00:00\",\"dateModified\":\"2025-04-08T09:25:21+00:00\",\"breadcrumb\":{\"@id\":\"https:\\\/\\\/www.gout.ch\\\/de\\\/edgard-bovier\\\/#breadcrumb\"},\"inLanguage\":\"de\",\"potentialAction\":[{\"@type\":\"ReadAction\",\"target\":[\"https:\\\/\\\/www.gout.ch\\\/de\\\/edgard-bovier\\\/\"]}]},{\"@type\":\"ImageObject\",\"inLanguage\":\"de\",\"@id\":\"https:\\\/\\\/www.gout.ch\\\/de\\\/edgard-bovier\\\/#primaryimage\",\"url\":\"https:\\\/\\\/www.gout.ch\\\/wp-content\\\/uploads\\\/2025\\\/02\\\/Edgar-Bovier_IMG_2732.png\",\"contentUrl\":\"https:\\\/\\\/www.gout.ch\\\/wp-content\\\/uploads\\\/2025\\\/02\\\/Edgar-Bovier_IMG_2732.png\"},{\"@type\":\"BreadcrumbList\",\"@id\":\"https:\\\/\\\/www.gout.ch\\\/de\\\/edgard-bovier\\\/#breadcrumb\",\"itemListElement\":[{\"@type\":\"ListItem\",\"position\":1,\"name\":\"Accueil\",\"item\":\"https:\\\/\\\/www.gout.ch\\\/de\\\/\"},{\"@type\":\"ListItem\",\"position\":2,\"name\":\"Edgard Bovier\"}]},{\"@type\":\"WebSite\",\"@id\":\"https:\\\/\\\/www.gout.ch\\\/de\\\/#website\",\"url\":\"https:\\\/\\\/www.gout.ch\\\/de\\\/\",\"name\":\"Die Genusswoche\",\"description\":\"\",\"potentialAction\":[{\"@type\":\"SearchAction\",\"target\":{\"@type\":\"EntryPoint\",\"urlTemplate\":\"https:\\\/\\\/www.gout.ch\\\/de\\\/?s={search_term_string}\"},\"query-input\":{\"@type\":\"PropertyValueSpecification\",\"valueRequired\":true,\"valueName\":\"search_term_string\"}}],\"inLanguage\":\"de\"}]}<\/script>\n<!-- \/ Yoast SEO plugin. -->","yoast_head_json":{"title":"Edgard Bovier - Die Genusswoche","robots":{"index":"index","follow":"follow","max-snippet":"max-snippet:-1","max-image-preview":"max-image-preview:large","max-video-preview":"max-video-preview:-1"},"canonical":"https:\/\/www.gout.ch\/de\/edgard-bovier\/","og_locale":"de_DE","og_type":"article","og_title":"Edgard Bovier - Die Genusswoche","og_description":"Edgard Bovier, Genuss-Pate 2025 W\u00e4hrend 50 Jahren in der K\u00fcche, die ihn von den gr\u00f6ssten Pal\u00e4sten bis [&hellip;]","og_url":"https:\/\/www.gout.ch\/de\/edgard-bovier\/","og_site_name":"Die Genusswoche","article_modified_time":"2025-04-08T09:25:21+00:00","og_image":[{"url":"https:\/\/www.gout.ch\/wp-content\/uploads\/2025\/02\/Edgar-Bovier_IMG_2732.png","width":786,"height":1024,"type":"image\/png"}],"twitter_card":"summary_large_image","twitter_misc":{"Gesch\u00e4tzte Lesezeit":"1\u00a0Minute"},"schema":{"@context":"https:\/\/schema.org","@graph":[{"@type":"WebPage","@id":"https:\/\/www.gout.ch\/de\/edgard-bovier\/","url":"https:\/\/www.gout.ch\/de\/edgard-bovier\/","name":"Edgard Bovier - Die Genusswoche","isPartOf":{"@id":"https:\/\/www.gout.ch\/de\/#website"},"primaryImageOfPage":{"@id":"https:\/\/www.gout.ch\/de\/edgard-bovier\/#primaryimage"},"image":{"@id":"https:\/\/www.gout.ch\/de\/edgard-bovier\/#primaryimage"},"thumbnailUrl":"https:\/\/www.gout.ch\/wp-content\/uploads\/2025\/02\/Edgar-Bovier_IMG_2732.png","datePublished":"2025-03-26T09:24:09+00:00","dateModified":"2025-04-08T09:25:21+00:00","breadcrumb":{"@id":"https:\/\/www.gout.ch\/de\/edgard-bovier\/#breadcrumb"},"inLanguage":"de","potentialAction":[{"@type":"ReadAction","target":["https:\/\/www.gout.ch\/de\/edgard-bovier\/"]}]},{"@type":"ImageObject","inLanguage":"de","@id":"https:\/\/www.gout.ch\/de\/edgard-bovier\/#primaryimage","url":"https:\/\/www.gout.ch\/wp-content\/uploads\/2025\/02\/Edgar-Bovier_IMG_2732.png","contentUrl":"https:\/\/www.gout.ch\/wp-content\/uploads\/2025\/02\/Edgar-Bovier_IMG_2732.png"},{"@type":"BreadcrumbList","@id":"https:\/\/www.gout.ch\/de\/edgard-bovier\/#breadcrumb","itemListElement":[{"@type":"ListItem","position":1,"name":"Accueil","item":"https:\/\/www.gout.ch\/de\/"},{"@type":"ListItem","position":2,"name":"Edgard Bovier"}]},{"@type":"WebSite","@id":"https:\/\/www.gout.ch\/de\/#website","url":"https:\/\/www.gout.ch\/de\/","name":"Die Genusswoche","description":"","potentialAction":[{"@type":"SearchAction","target":{"@type":"EntryPoint","urlTemplate":"https:\/\/www.gout.ch\/de\/?s={search_term_string}"},"query-input":{"@type":"PropertyValueSpecification","valueRequired":true,"valueName":"search_term_string"}}],"inLanguage":"de"}]}},"_links":{"self":[{"href":"https:\/\/www.gout.ch\/de\/wp-json\/wp\/v2\/pages\/12352","targetHints":{"allow":["GET"]}}],"collection":[{"href":"https:\/\/www.gout.ch\/de\/wp-json\/wp\/v2\/pages"}],"about":[{"href":"https:\/\/www.gout.ch\/de\/wp-json\/wp\/v2\/types\/page"}],"author":[{"embeddable":true,"href":"https:\/\/www.gout.ch\/de\/wp-json\/wp\/v2\/users\/3"}],"replies":[{"embeddable":true,"href":"https:\/\/www.gout.ch\/de\/wp-json\/wp\/v2\/comments?post=12352"}],"version-history":[{"count":2,"href":"https:\/\/www.gout.ch\/de\/wp-json\/wp\/v2\/pages\/12352\/revisions"}],"predecessor-version":[{"id":12418,"href":"https:\/\/www.gout.ch\/de\/wp-json\/wp\/v2\/pages\/12352\/revisions\/12418"}],"wp:attachment":[{"href":"https:\/\/www.gout.ch\/de\/wp-json\/wp\/v2\/media?parent=12352"}],"curies":[{"name":"wp","href":"https:\/\/api.w.org\/{rel}","templated":true}]}}