{"id":12989,"date":"2025-08-11T10:51:34","date_gmt":"2025-08-11T08:51:34","guid":{"rendered":"https:\/\/www.gout.ch\/?page_id=12989"},"modified":"2025-08-11T11:30:59","modified_gmt":"2025-08-11T09:30:59","slug":"editorial-2025","status":"publish","type":"page","link":"https:\/\/www.gout.ch\/de\/editorial-2025\/","title":{"rendered":"EDITORIAL 2025"},"content":{"rendered":"<div class=\"page\" title=\"Page 5\">\n<div class=\"layoutArea\">\n<div class=\"column\">\n<h2><img loading=\"lazy\" decoding=\"async\" class=\"alignleft wp-image-12980 size-large\" src=\"https:\/\/www.gout.ch\/wp-content\/uploads\/2025\/08\/SDG_2025_Portrait_JZ-724x1024.jpg\" alt=\"\" width=\"724\" height=\"1024\" \/><\/h2>\n<h2>Lebensmittel sind Lebensrecht<\/h2>\n<div class=\"page\" title=\"Page 5\">\n<div class=\"layoutArea\">\n<div class=\"column\">Das in der Allgemeinen Erkl\u00e4rung der Menschenrechte (1948) anerkannte Recht auf Nahrung ist in der Bundesverfassung nicht verankert. Bisher hat einzig der Kanton Genf dieses Recht per Volksentscheid in seine Verfassung aufgenommen.In einem der reichsten L\u00e4nder der Welt haben 8,5 % der Bev\u00f6lkerung M\u00fche, \u00fcber die Runden zu kommen und fast 15 % leben in prek\u00e4ren Verh\u00e4ltnissen. Viele sind heute auf Lebensmittelhilfe angewiesen. Essen wird zur stillen Verzichtserkl\u00e4rung. Ein durchschnittlicher Schweizer Haushalt gibt monatlich 600 Franken f\u00fcr Lebensmittel aus.<\/p>\n<p>Obwohl Studien klar zeigen, dass schlechte Ern\u00e4hrung und \u00dcbergewicht vor allem in popul\u00e4ren Stadtvierteln auftreten, beschliesst die Schweizerische Eidgenossenschaft, die Pr\u00e4vention dieser Problematik, die 43 % der Bev\u00f6lkerung betrifft, k\u00fcnftig nicht mehr zu finanzieren!<\/p>\n<p>Seit 25 Jahren hat sich die Schweizer Genusswoche als nationales Ereignis etabliert, das die Ern\u00e4hrung ins Zentrum unseres t\u00e4glichen Lebens r\u00fcckt. Wir tragen eine grosse Verantwortung. Das industrielle Ern\u00e4hrungssystem heute versagt darin, neun Millionen Menschen genussvoll zu n\u00e4hren. Wir laufen sehenden Auges gegen eine Wand, indem wir unsere Nahrung einer Industrie \u00fcberlassen, die unser Essen bestimmt: keine Kauarbeit, keine Zubereitung, keine Kalorien, keine b\u00e4uerliche Landwirtschaft, daf\u00fcr aber 35 % Abfall!<\/p>\n<p>Freiwillige politische Massnahmen k\u00f6nnten umgesetzt werden: Geschmacks- und Ern\u00e4hrungsbildung in allen Schulen von fr\u00fch an, Abschaffung der Mehrwertsteuer auf Obst und Gem\u00fcse, Einf\u00fchrung einer sozialen Lebensmittelversicherung sowie die F\u00f6rderung von Kleinbauernh\u00f6fen, alternativen L\u00e4den und Direktvermarktung. So w\u00e4re gutes Essen mit qualitativ hochwertigen und schmackhaften Lebensmitteln m\u00f6glich. Denn individuelle Verantwortung allein reicht nicht aus.<\/p>\n<p>Erleben Sie im September die zahlreichen Events der Genusswoche in der ganzen Schweiz. Mit Begeisterung und Lebensfreude rufen wir aus: Das Essen geh\u00f6rt denen, die es mit Leidenschaft geniessen!<\/p>\n<div class=\"column\">\n<p><strong>Josef Zisyadis<\/strong><br \/>\nDirektor Fondation pour la promotion du Gou\u0302t<\/p>\n<\/div>\n<\/div>\n<\/div>\n<\/div>\n<\/div>\n<\/div>\n<\/div>\n","protected":false},"excerpt":{"rendered":"<p>Lebensmittel sind Lebensrecht Das in der Allgemeinen Erkl\u00e4rung der Menschenrechte (1948) anerkannte Recht auf Nahrung ist in [&hellip;]<\/p>\n","protected":false},"author":3,"featured_media":12960,"parent":0,"menu_order":0,"comment_status":"closed","ping_status":"closed","template":"","meta":{"_acf_changed":false,"footnotes":""},"class_list":["post-12989","page","type-page","status-publish","has-post-thumbnail","hentry"],"acf":[],"yoast_head":"<!-- This site is optimized with the Yoast SEO plugin v27.4 - https:\/\/yoast.com\/product\/yoast-seo-wordpress\/ -->\n<title>EDITORIAL 2025 - Die Genusswoche<\/title>\n<meta name=\"robots\" content=\"index, follow, max-snippet:-1, max-image-preview:large, max-video-preview:-1\" \/>\n<link rel=\"canonical\" href=\"https:\/\/www.gout.ch\/de\/editorial-2025\/\" \/>\n<meta property=\"og:locale\" content=\"de_DE\" \/>\n<meta property=\"og:type\" content=\"article\" \/>\n<meta property=\"og:title\" content=\"EDITORIAL 2025 - Die Genusswoche\" \/>\n<meta property=\"og:description\" content=\"Lebensmittel sind Lebensrecht Das in der Allgemeinen Erkl\u00e4rung der Menschenrechte (1948) anerkannte Recht auf Nahrung ist in [&hellip;]\" \/>\n<meta property=\"og:url\" content=\"https:\/\/www.gout.ch\/de\/editorial-2025\/\" \/>\n<meta property=\"og:site_name\" content=\"Die Genusswoche\" \/>\n<meta property=\"article:modified_time\" content=\"2025-08-11T09:30:59+00:00\" \/>\n<meta property=\"og:image\" content=\"https:\/\/www.gout.ch\/wp-content\/uploads\/2025\/08\/SDG_2025_ImageT.jpg\" \/>\n\t<meta property=\"og:image:width\" content=\"1080\" \/>\n\t<meta property=\"og:image:height\" content=\"1080\" \/>\n\t<meta property=\"og:image:type\" content=\"image\/jpeg\" \/>\n<meta name=\"twitter:card\" content=\"summary_large_image\" \/>\n<meta name=\"twitter:label1\" content=\"Gesch\u00e4tzte Lesezeit\" \/>\n\t<meta name=\"twitter:data1\" content=\"2\u00a0Minuten\" \/>\n<script type=\"application\/ld+json\" class=\"yoast-schema-graph\">{\"@context\":\"https:\\\/\\\/schema.org\",\"@graph\":[{\"@type\":\"WebPage\",\"@id\":\"https:\\\/\\\/www.gout.ch\\\/de\\\/editorial-2025\\\/\",\"url\":\"https:\\\/\\\/www.gout.ch\\\/de\\\/editorial-2025\\\/\",\"name\":\"EDITORIAL 2025 - Die Genusswoche\",\"isPartOf\":{\"@id\":\"https:\\\/\\\/www.gout.ch\\\/de\\\/#website\"},\"primaryImageOfPage\":{\"@id\":\"https:\\\/\\\/www.gout.ch\\\/de\\\/editorial-2025\\\/#primaryimage\"},\"image\":{\"@id\":\"https:\\\/\\\/www.gout.ch\\\/de\\\/editorial-2025\\\/#primaryimage\"},\"thumbnailUrl\":\"https:\\\/\\\/www.gout.ch\\\/wp-content\\\/uploads\\\/2025\\\/08\\\/SDG_2025_ImageT.jpg\",\"datePublished\":\"2025-08-11T08:51:34+00:00\",\"dateModified\":\"2025-08-11T09:30:59+00:00\",\"breadcrumb\":{\"@id\":\"https:\\\/\\\/www.gout.ch\\\/de\\\/editorial-2025\\\/#breadcrumb\"},\"inLanguage\":\"de\",\"potentialAction\":[{\"@type\":\"ReadAction\",\"target\":[\"https:\\\/\\\/www.gout.ch\\\/de\\\/editorial-2025\\\/\"]}]},{\"@type\":\"ImageObject\",\"inLanguage\":\"de\",\"@id\":\"https:\\\/\\\/www.gout.ch\\\/de\\\/editorial-2025\\\/#primaryimage\",\"url\":\"https:\\\/\\\/www.gout.ch\\\/wp-content\\\/uploads\\\/2025\\\/08\\\/SDG_2025_ImageT.jpg\",\"contentUrl\":\"https:\\\/\\\/www.gout.ch\\\/wp-content\\\/uploads\\\/2025\\\/08\\\/SDG_2025_ImageT.jpg\",\"width\":1080,\"height\":1080},{\"@type\":\"BreadcrumbList\",\"@id\":\"https:\\\/\\\/www.gout.ch\\\/de\\\/editorial-2025\\\/#breadcrumb\",\"itemListElement\":[{\"@type\":\"ListItem\",\"position\":1,\"name\":\"Accueil\",\"item\":\"https:\\\/\\\/www.gout.ch\\\/de\\\/\"},{\"@type\":\"ListItem\",\"position\":2,\"name\":\"EDITORIAL 2025\"}]},{\"@type\":\"WebSite\",\"@id\":\"https:\\\/\\\/www.gout.ch\\\/de\\\/#website\",\"url\":\"https:\\\/\\\/www.gout.ch\\\/de\\\/\",\"name\":\"Die Genusswoche\",\"description\":\"\",\"potentialAction\":[{\"@type\":\"SearchAction\",\"target\":{\"@type\":\"EntryPoint\",\"urlTemplate\":\"https:\\\/\\\/www.gout.ch\\\/de\\\/?s={search_term_string}\"},\"query-input\":{\"@type\":\"PropertyValueSpecification\",\"valueRequired\":true,\"valueName\":\"search_term_string\"}}],\"inLanguage\":\"de\"}]}<\/script>\n<!-- \/ Yoast SEO plugin. -->","yoast_head_json":{"title":"EDITORIAL 2025 - Die Genusswoche","robots":{"index":"index","follow":"follow","max-snippet":"max-snippet:-1","max-image-preview":"max-image-preview:large","max-video-preview":"max-video-preview:-1"},"canonical":"https:\/\/www.gout.ch\/de\/editorial-2025\/","og_locale":"de_DE","og_type":"article","og_title":"EDITORIAL 2025 - Die Genusswoche","og_description":"Lebensmittel sind Lebensrecht Das in der Allgemeinen Erkl\u00e4rung der Menschenrechte (1948) anerkannte Recht auf Nahrung ist in [&hellip;]","og_url":"https:\/\/www.gout.ch\/de\/editorial-2025\/","og_site_name":"Die Genusswoche","article_modified_time":"2025-08-11T09:30:59+00:00","og_image":[{"width":1080,"height":1080,"url":"https:\/\/www.gout.ch\/wp-content\/uploads\/2025\/08\/SDG_2025_ImageT.jpg","type":"image\/jpeg"}],"twitter_card":"summary_large_image","twitter_misc":{"Gesch\u00e4tzte Lesezeit":"2\u00a0Minuten"},"schema":{"@context":"https:\/\/schema.org","@graph":[{"@type":"WebPage","@id":"https:\/\/www.gout.ch\/de\/editorial-2025\/","url":"https:\/\/www.gout.ch\/de\/editorial-2025\/","name":"EDITORIAL 2025 - Die Genusswoche","isPartOf":{"@id":"https:\/\/www.gout.ch\/de\/#website"},"primaryImageOfPage":{"@id":"https:\/\/www.gout.ch\/de\/editorial-2025\/#primaryimage"},"image":{"@id":"https:\/\/www.gout.ch\/de\/editorial-2025\/#primaryimage"},"thumbnailUrl":"https:\/\/www.gout.ch\/wp-content\/uploads\/2025\/08\/SDG_2025_ImageT.jpg","datePublished":"2025-08-11T08:51:34+00:00","dateModified":"2025-08-11T09:30:59+00:00","breadcrumb":{"@id":"https:\/\/www.gout.ch\/de\/editorial-2025\/#breadcrumb"},"inLanguage":"de","potentialAction":[{"@type":"ReadAction","target":["https:\/\/www.gout.ch\/de\/editorial-2025\/"]}]},{"@type":"ImageObject","inLanguage":"de","@id":"https:\/\/www.gout.ch\/de\/editorial-2025\/#primaryimage","url":"https:\/\/www.gout.ch\/wp-content\/uploads\/2025\/08\/SDG_2025_ImageT.jpg","contentUrl":"https:\/\/www.gout.ch\/wp-content\/uploads\/2025\/08\/SDG_2025_ImageT.jpg","width":1080,"height":1080},{"@type":"BreadcrumbList","@id":"https:\/\/www.gout.ch\/de\/editorial-2025\/#breadcrumb","itemListElement":[{"@type":"ListItem","position":1,"name":"Accueil","item":"https:\/\/www.gout.ch\/de\/"},{"@type":"ListItem","position":2,"name":"EDITORIAL 2025"}]},{"@type":"WebSite","@id":"https:\/\/www.gout.ch\/de\/#website","url":"https:\/\/www.gout.ch\/de\/","name":"Die Genusswoche","description":"","potentialAction":[{"@type":"SearchAction","target":{"@type":"EntryPoint","urlTemplate":"https:\/\/www.gout.ch\/de\/?s={search_term_string}"},"query-input":{"@type":"PropertyValueSpecification","valueRequired":true,"valueName":"search_term_string"}}],"inLanguage":"de"}]}},"_links":{"self":[{"href":"https:\/\/www.gout.ch\/de\/wp-json\/wp\/v2\/pages\/12989","targetHints":{"allow":["GET"]}}],"collection":[{"href":"https:\/\/www.gout.ch\/de\/wp-json\/wp\/v2\/pages"}],"about":[{"href":"https:\/\/www.gout.ch\/de\/wp-json\/wp\/v2\/types\/page"}],"author":[{"embeddable":true,"href":"https:\/\/www.gout.ch\/de\/wp-json\/wp\/v2\/users\/3"}],"replies":[{"embeddable":true,"href":"https:\/\/www.gout.ch\/de\/wp-json\/wp\/v2\/comments?post=12989"}],"version-history":[{"count":4,"href":"https:\/\/www.gout.ch\/de\/wp-json\/wp\/v2\/pages\/12989\/revisions"}],"predecessor-version":[{"id":13001,"href":"https:\/\/www.gout.ch\/de\/wp-json\/wp\/v2\/pages\/12989\/revisions\/13001"}],"wp:featuredmedia":[{"embeddable":true,"href":"https:\/\/www.gout.ch\/de\/wp-json\/wp\/v2\/media\/12960"}],"wp:attachment":[{"href":"https:\/\/www.gout.ch\/de\/wp-json\/wp\/v2\/media?parent=12989"}],"curies":[{"name":"wp","href":"https:\/\/api.w.org\/{rel}","templated":true}]}}