{"id":13418,"date":"2026-03-03T08:14:36","date_gmt":"2026-03-03T07:14:36","guid":{"rendered":"https:\/\/www.gout.ch\/?page_id=13418"},"modified":"2026-03-03T08:24:12","modified_gmt":"2026-03-03T07:24:12","slug":"zineb-hattab","status":"publish","type":"page","link":"https:\/\/www.gout.ch\/de\/zineb-hattab\/","title":{"rendered":"Zineb Hattab"},"content":{"rendered":"<p><img loading=\"lazy\" decoding=\"async\" class=\"alignleft wp-image-13430\" src=\"https:\/\/www.gout.ch\/wp-content\/uploads\/2026\/02\/Erna-Drion-scaled.png\" alt=\"\" width=\"286\" height=\"373\" \/><\/p>\n<p><strong>Zineb Hattab, Genuss-Patin 2026<\/strong><\/p>\n<p>Mit 36 Jahren verk\u00f6rpert Zineb Hattab die kulinarische Vielfalt und die lebendige Dynamik der Stadt Z\u00fcrich. Als Genuss-Patin 2026 erweist sie sich als folgerichtige und inspirierende Wahl.<\/p>\n<p>Und das, obwohl ihr erster Weg ins Ingenieurwesen gef\u00fchrt hatte. Die junge Frau mit dem zugleich sanften und entschlossenen Blick wollte stets etwas Sinnvolles bewirken. Beim Kochen f\u00fcr ihre Studienfreunde erkannte \u00abZizi\u00bb, wie sie alle nennen, dass f\u00fcr andere zu kochen weit mehr als eine blosse N\u00fctzlichkeit ist: \u00abKochen ist Liebe\u00bb, sagt die talentierte spanisch-marokkanische Spitzenk\u00f6chin.<\/p>\n<p>So f\u00fchrte ihr Weg in die K\u00fcchen der Grossen. Bei Andreas Caminada, Massimo Bottura und den Gebr\u00fcdern Roca verfeinerte sie ihr K\u00f6nnen und entwickelte ein unverwechselbares Profil. Ihre Gastronomie beruht auf Vertrauen auf die Produzenten, auf ihr Team und ebenso auf ihre G\u00e4ste.<\/p>\n<p>Als Entdeckerin, Reisende und leidenschaftliche Geniesserin pr\u00e4gt sie eine mehrheitlich vegane, konsequent regionale K\u00fcche, die heute breite Anerkennung findet. Ihr erstes Restaurant, das <a href=\"https:\/\/www.restaurantkle.com\/\" target=\"_blank\" rel=\"noopener\"><span style=\"text-decoration: underline;\">KLE<\/span><\/a>, wurde mit 15 Punkten im Gault&amp;Millau sowie mit einem Stern im Guide Michelin ausgezeichnet. Ganz Z\u00fcrich str\u00f6mt ins <span style=\"text-decoration: underline;\"><a href=\"https:\/\/www.restaurantdar.com\/\" target=\"_blank\" rel=\"noopener\">DAR<\/a><\/span>, schlichter und doch urban gepr\u00e4gt, sowie ins <span style=\"text-decoration: underline;\"><a href=\"https:\/\/www.corwineandpintxos.com\/\" target=\"_blank\" rel=\"noopener\">COR<\/a><\/span>, das baskischen und katalanischen Tapas gewidmet ist. Eine wahre Liebesgeschichte.<\/p>\n","protected":false},"excerpt":{"rendered":"<p>Zineb Hattab, Genuss-Patin 2026 Mit 36 Jahren verk\u00f6rpert Zineb Hattab die kulinarische Vielfalt und die lebendige Dynamik [&hellip;]<\/p>\n","protected":false},"author":3,"featured_media":0,"parent":0,"menu_order":0,"comment_status":"closed","ping_status":"closed","template":"","meta":{"_acf_changed":false,"footnotes":""},"class_list":["post-13418","page","type-page","status-publish","hentry"],"acf":[],"yoast_head":"<!-- This site is optimized with the Yoast SEO plugin v27.4 - https:\/\/yoast.com\/product\/yoast-seo-wordpress\/ -->\n<title>Zineb Hattab - Die Genusswoche<\/title>\n<meta name=\"robots\" content=\"index, follow, max-snippet:-1, max-image-preview:large, max-video-preview:-1\" \/>\n<link rel=\"canonical\" href=\"https:\/\/www.gout.ch\/de\/zineb-hattab\/\" \/>\n<meta property=\"og:locale\" content=\"de_DE\" \/>\n<meta property=\"og:type\" content=\"article\" \/>\n<meta property=\"og:title\" content=\"Zineb Hattab - Die Genusswoche\" \/>\n<meta property=\"og:description\" content=\"Zineb Hattab, Genuss-Patin 2026 Mit 36 Jahren verk\u00f6rpert Zineb Hattab die kulinarische Vielfalt und die lebendige Dynamik [&hellip;]\" \/>\n<meta property=\"og:url\" content=\"https:\/\/www.gout.ch\/de\/zineb-hattab\/\" \/>\n<meta property=\"og:site_name\" content=\"Die Genusswoche\" \/>\n<meta property=\"article:modified_time\" content=\"2026-03-03T07:24:12+00:00\" \/>\n<meta property=\"og:image\" content=\"https:\/\/www.gout.ch\/wp-content\/uploads\/2026\/02\/Erna-Drion-785x1024.png\" \/>\n\t<meta property=\"og:image:width\" content=\"785\" \/>\n\t<meta property=\"og:image:height\" content=\"1024\" \/>\n\t<meta property=\"og:image:type\" content=\"image\/png\" \/>\n<meta name=\"twitter:card\" content=\"summary_large_image\" \/>\n<meta name=\"twitter:label1\" content=\"Gesch\u00e4tzte Lesezeit\" \/>\n\t<meta name=\"twitter:data1\" content=\"2\u00a0Minuten\" \/>\n<script type=\"application\/ld+json\" class=\"yoast-schema-graph\">{\"@context\":\"https:\\\/\\\/schema.org\",\"@graph\":[{\"@type\":\"WebPage\",\"@id\":\"https:\\\/\\\/www.gout.ch\\\/de\\\/zineb-hattab\\\/\",\"url\":\"https:\\\/\\\/www.gout.ch\\\/de\\\/zineb-hattab\\\/\",\"name\":\"Zineb Hattab - Die Genusswoche\",\"isPartOf\":{\"@id\":\"https:\\\/\\\/www.gout.ch\\\/de\\\/#website\"},\"primaryImageOfPage\":{\"@id\":\"https:\\\/\\\/www.gout.ch\\\/de\\\/zineb-hattab\\\/#primaryimage\"},\"image\":{\"@id\":\"https:\\\/\\\/www.gout.ch\\\/de\\\/zineb-hattab\\\/#primaryimage\"},\"thumbnailUrl\":\"https:\\\/\\\/www.gout.ch\\\/wp-content\\\/uploads\\\/2026\\\/02\\\/Erna-Drion-scaled.png\",\"datePublished\":\"2026-03-03T07:14:36+00:00\",\"dateModified\":\"2026-03-03T07:24:12+00:00\",\"breadcrumb\":{\"@id\":\"https:\\\/\\\/www.gout.ch\\\/de\\\/zineb-hattab\\\/#breadcrumb\"},\"inLanguage\":\"de\",\"potentialAction\":[{\"@type\":\"ReadAction\",\"target\":[\"https:\\\/\\\/www.gout.ch\\\/de\\\/zineb-hattab\\\/\"]}]},{\"@type\":\"ImageObject\",\"inLanguage\":\"de\",\"@id\":\"https:\\\/\\\/www.gout.ch\\\/de\\\/zineb-hattab\\\/#primaryimage\",\"url\":\"https:\\\/\\\/www.gout.ch\\\/wp-content\\\/uploads\\\/2026\\\/02\\\/Erna-Drion-scaled.png\",\"contentUrl\":\"https:\\\/\\\/www.gout.ch\\\/wp-content\\\/uploads\\\/2026\\\/02\\\/Erna-Drion-scaled.png\"},{\"@type\":\"BreadcrumbList\",\"@id\":\"https:\\\/\\\/www.gout.ch\\\/de\\\/zineb-hattab\\\/#breadcrumb\",\"itemListElement\":[{\"@type\":\"ListItem\",\"position\":1,\"name\":\"Accueil\",\"item\":\"https:\\\/\\\/www.gout.ch\\\/de\\\/\"},{\"@type\":\"ListItem\",\"position\":2,\"name\":\"Zineb Hattab\"}]},{\"@type\":\"WebSite\",\"@id\":\"https:\\\/\\\/www.gout.ch\\\/de\\\/#website\",\"url\":\"https:\\\/\\\/www.gout.ch\\\/de\\\/\",\"name\":\"Die Genusswoche\",\"description\":\"\",\"potentialAction\":[{\"@type\":\"SearchAction\",\"target\":{\"@type\":\"EntryPoint\",\"urlTemplate\":\"https:\\\/\\\/www.gout.ch\\\/de\\\/?s={search_term_string}\"},\"query-input\":{\"@type\":\"PropertyValueSpecification\",\"valueRequired\":true,\"valueName\":\"search_term_string\"}}],\"inLanguage\":\"de\"}]}<\/script>\n<!-- \/ Yoast SEO plugin. -->","yoast_head_json":{"title":"Zineb Hattab - Die Genusswoche","robots":{"index":"index","follow":"follow","max-snippet":"max-snippet:-1","max-image-preview":"max-image-preview:large","max-video-preview":"max-video-preview:-1"},"canonical":"https:\/\/www.gout.ch\/de\/zineb-hattab\/","og_locale":"de_DE","og_type":"article","og_title":"Zineb Hattab - Die Genusswoche","og_description":"Zineb Hattab, Genuss-Patin 2026 Mit 36 Jahren verk\u00f6rpert Zineb Hattab die kulinarische Vielfalt und die lebendige Dynamik [&hellip;]","og_url":"https:\/\/www.gout.ch\/de\/zineb-hattab\/","og_site_name":"Die Genusswoche","article_modified_time":"2026-03-03T07:24:12+00:00","og_image":[{"width":785,"height":1024,"url":"https:\/\/www.gout.ch\/wp-content\/uploads\/2026\/02\/Erna-Drion-785x1024.png","type":"image\/png"}],"twitter_card":"summary_large_image","twitter_misc":{"Gesch\u00e4tzte Lesezeit":"2\u00a0Minuten"},"schema":{"@context":"https:\/\/schema.org","@graph":[{"@type":"WebPage","@id":"https:\/\/www.gout.ch\/de\/zineb-hattab\/","url":"https:\/\/www.gout.ch\/de\/zineb-hattab\/","name":"Zineb Hattab - Die Genusswoche","isPartOf":{"@id":"https:\/\/www.gout.ch\/de\/#website"},"primaryImageOfPage":{"@id":"https:\/\/www.gout.ch\/de\/zineb-hattab\/#primaryimage"},"image":{"@id":"https:\/\/www.gout.ch\/de\/zineb-hattab\/#primaryimage"},"thumbnailUrl":"https:\/\/www.gout.ch\/wp-content\/uploads\/2026\/02\/Erna-Drion-scaled.png","datePublished":"2026-03-03T07:14:36+00:00","dateModified":"2026-03-03T07:24:12+00:00","breadcrumb":{"@id":"https:\/\/www.gout.ch\/de\/zineb-hattab\/#breadcrumb"},"inLanguage":"de","potentialAction":[{"@type":"ReadAction","target":["https:\/\/www.gout.ch\/de\/zineb-hattab\/"]}]},{"@type":"ImageObject","inLanguage":"de","@id":"https:\/\/www.gout.ch\/de\/zineb-hattab\/#primaryimage","url":"https:\/\/www.gout.ch\/wp-content\/uploads\/2026\/02\/Erna-Drion-scaled.png","contentUrl":"https:\/\/www.gout.ch\/wp-content\/uploads\/2026\/02\/Erna-Drion-scaled.png"},{"@type":"BreadcrumbList","@id":"https:\/\/www.gout.ch\/de\/zineb-hattab\/#breadcrumb","itemListElement":[{"@type":"ListItem","position":1,"name":"Accueil","item":"https:\/\/www.gout.ch\/de\/"},{"@type":"ListItem","position":2,"name":"Zineb Hattab"}]},{"@type":"WebSite","@id":"https:\/\/www.gout.ch\/de\/#website","url":"https:\/\/www.gout.ch\/de\/","name":"Die Genusswoche","description":"","potentialAction":[{"@type":"SearchAction","target":{"@type":"EntryPoint","urlTemplate":"https:\/\/www.gout.ch\/de\/?s={search_term_string}"},"query-input":{"@type":"PropertyValueSpecification","valueRequired":true,"valueName":"search_term_string"}}],"inLanguage":"de"}]}},"_links":{"self":[{"href":"https:\/\/www.gout.ch\/de\/wp-json\/wp\/v2\/pages\/13418","targetHints":{"allow":["GET"]}}],"collection":[{"href":"https:\/\/www.gout.ch\/de\/wp-json\/wp\/v2\/pages"}],"about":[{"href":"https:\/\/www.gout.ch\/de\/wp-json\/wp\/v2\/types\/page"}],"author":[{"embeddable":true,"href":"https:\/\/www.gout.ch\/de\/wp-json\/wp\/v2\/users\/3"}],"replies":[{"embeddable":true,"href":"https:\/\/www.gout.ch\/de\/wp-json\/wp\/v2\/comments?post=13418"}],"version-history":[{"count":7,"href":"https:\/\/www.gout.ch\/de\/wp-json\/wp\/v2\/pages\/13418\/revisions"}],"predecessor-version":[{"id":13494,"href":"https:\/\/www.gout.ch\/de\/wp-json\/wp\/v2\/pages\/13418\/revisions\/13494"}],"wp:attachment":[{"href":"https:\/\/www.gout.ch\/de\/wp-json\/wp\/v2\/media?parent=13418"}],"curies":[{"name":"wp","href":"https:\/\/api.w.org\/{rel}","templated":true}]}}