{"id":36,"date":"2017-03-02T13:52:33","date_gmt":"2017-03-02T12:52:33","guid":{"rendered":"https:\/\/www.gout.ch\/bons-jeunes\/"},"modified":"2026-04-07T17:09:48","modified_gmt":"2026-04-07T15:09:48","slug":"gastronomie-fuer-junge-leute","status":"publish","type":"page","link":"https:\/\/www.gout.ch\/de\/gastronomie-fuer-junge-leute\/","title":{"rendered":"Gastronomie f\u00fcr junge Leute"},"content":{"rendered":"<p><strong>Die Bons bieten jungen Leuten von 18 bis 25 Jahren eine Gelegenheit, die gehobene Gastronomie kennen zu lernen, und Gastwirte k\u00f6nnen neue Kunden erschliessen.<\/strong><\/p>\n<p>Ein Bon zu CHF 60.- berechtigt zum Genuss eines Gourmet-Viergangmen\u00fcs mit vier Unzen Wein (ca. \u00bd dl). Da zu einem gastronomischen Essen ein guter Wein geh\u00f6rt, unterst\u00fctzen die kantonalen Weinbauverb\u00e4nde die Operation: <a href=\"https:\/\/swisswinevalais.ch\/de\/uber-uns\/\">Branchenverband der Walliser Weine<\/a>, <a href=\"https:\/\/www.ovv.ch\/de\">Office des Vins Vaudois<\/a>, <a href=\"https:\/\/vully.ch\/de\/home\/\">Interprofession des Vins du Vully<\/a>, <a href=\"https:\/\/neuchatel-vins-terroir.ch\/de\/\">Neuch\u00e2tel Vins et Terroir<\/a>, <a href=\"https:\/\/www.opage.ch\/de\">OPAGE<\/a> und <a href=\"https:\/\/www.ticinowine.ch\/\">Ticinowine<\/a>.<\/p>\n<p>F\u00fcr junge Geniesser eine traumhafte Gelegenheit, sich in die Kunst der Gastronomie einf\u00fchren zu lassen!<\/p>\n<h2>Wie funktioniert es?<\/h2>\n<h3><\/h3>\n<h3>F\u00dcR DIE JUNGE LEUTE<\/h3>\n<p><u>Bestellung<\/u>: Die f\u00fcr eine Reservation verf\u00fcgbaren Bons k\u00f6nnen ausschliesslich auf der Website <a href=\"http:\/\/www.gout.ch\/de\/\">www.gout.ch<\/a> und nur <strong>vom 15. August bis 27. September<\/strong> bestellt werden. Sie sind f\u00fcr junge Leute vom 18. bis zum vollendeten 25. Lebensjahr g\u00fcltig. Die m\u00f6glichen Verwendungsdaten der Bons pro Restaurant sind auf der Online-Plattform ersichtlich, die definitive Reservation muss jedoch direkt im Restaurant angemeldet werden.<\/p>\n<p><u>Im Restaurant<\/u>: Der Betrag von CHF 60.- ist direkt im Restaurant zu bezahlen. Die Bons sind w\u00e4hrend der Genusswoche <strong>vom 17. bis 27. September 2026 g\u00fcltig<\/strong>.<\/p>\n<h3><\/h3>\n<h3>F\u00dcR DIE GASTWIRTE<\/h3>\n<p><u>Anmeldung<\/u>: Der Gastwirt legt die Zahl der Bons fest, die er pro Tag akzeptieren m\u00f6chte, die m\u00f6glichen Daten, sowie den Namen des Winzers, mit dem er zusammenarbeitet.<\/p>\n<p><u>Empfang<\/u>: Der Gastwirt muss das Alter seiner G\u00e4ste und die Bon-Nummern pr\u00fcfen. Falls ein Teilnehmer \u00e4lter ist als 25 Jahre, so hat er das Recht, den vollen Preis zu verlangen. Mineralwasser und Kaffee sind im Bon-Preis nicht inbegriffen.<\/p>\n<p><u>Bezahlung<\/u>: Die jungen G\u00e4ste haben pro Bon CHF 60.- zu bezahlen. Die Genusswoche lehnt jede Verantwortung f\u00fcr nicht erscheinende Kunden ab, auch wenn keine Annullation erfolgt ist. Die Rechnung ist direkt an den Gast zu stellen, ausser wenn mit dem Restaurant etwas anderes vereinbart wurde.<\/p>\n<p><strong><b>Sind Sie Gastwirt und m\u00f6chten im 2026 an der Operation \u00abSpitzengastronomie f\u00fcr junge Leute\u00bb teilnehmen? Kontaktieren S<\/b>ie uns <a href=\"mailto:secretariat@gout.ch\">hier <\/a>bis zum 31. Juli!<\/strong><\/p>\n<p>&nbsp;<\/p>\n<p data-start=\"57\" data-end=\"151\"><strong data-start=\"57\" data-end=\"151\">Die Gutscheine werden am Freitag, den 15. August 2026 ab 12:00 Uhr zur Verf\u00fcgung gestellt.<\/strong><\/p>\n<p>Mit der Unterst\u00fctzung von:<br \/>\n<a href=\"https:\/\/www.swisswine.ch\/fr\"><img loading=\"lazy\" decoding=\"async\" class=\"alignnone wp-image-12087\" src=\"https:\/\/www.gout.ch\/wp-content\/uploads\/2024\/11\/logo-sw-150x150.webp\" alt=\"\" width=\"113\" height=\"113\" \/><\/a><img loading=\"lazy\" decoding=\"async\" class=\"alignnone wp-image-1634\" src=\"https:\/\/www.gout.ch\/wp-content\/uploads\/2017\/03\/logo-vignerons-vully-RVB.jpg\" alt=\"\" width=\"90\" height=\"86\" \/><img loading=\"lazy\" decoding=\"async\" class=\"wp-image-9622 alignnone\" src=\"https:\/\/www.gout.ch\/wp-content\/uploads\/2022\/05\/SDG_Bons-Jeunes_logo_GE-300x118.png\" alt=\"\" width=\"186\" height=\"73\" \/><img loading=\"lazy\" decoding=\"async\" class=\"wp-image-1643 alignnone\" src=\"https:\/\/www.gout.ch\/wp-content\/uploads\/2017\/03\/Neucha\u0302tel-vins-terroir.png\" alt=\"\" width=\"129\" height=\"82\" \/><img loading=\"lazy\" decoding=\"async\" class=\"wp-image-9619 alignnone\" src=\"https:\/\/www.gout.ch\/wp-content\/uploads\/2022\/05\/SW_Valais-300x137.jpg\" alt=\"\" width=\"131\" height=\"60\" \/><img loading=\"lazy\" decoding=\"async\" class=\"wp-image-9616 alignnone\" style=\"font-size: 10.72px; font-weight: bold;\" src=\"https:\/\/www.gout.ch\/wp-content\/uploads\/2022\/05\/SDG_Bons-Jeunes_logo_VD-300x96.png\" alt=\"\" width=\"213\" height=\"68\" \/><img loading=\"lazy\" decoding=\"async\" class=\"alignnone wp-image-10562\" src=\"https:\/\/www.gout.ch\/wp-content\/uploads\/2023\/07\/ticinowine-promozion-vitivinivola-ticinese-1.png\" alt=\"\" width=\"149\" height=\"56\" \/><\/p>\n","protected":false},"excerpt":{"rendered":"<p>Die Bons bieten jungen Leuten von 18 bis 25 Jahren eine Gelegenheit, die gehobene Gastronomie kennen zu [&hellip;]<\/p>\n","protected":false},"author":1,"featured_media":7558,"parent":0,"menu_order":0,"comment_status":"closed","ping_status":"closed","template":"","meta":{"_acf_changed":false,"footnotes":""},"class_list":["post-36","page","type-page","status-publish","has-post-thumbnail","hentry"],"acf":[],"yoast_head":"<!-- This site is optimized with the Yoast SEO plugin v27.4 - https:\/\/yoast.com\/product\/yoast-seo-wordpress\/ -->\n<title>Gastronomie f\u00fcr junge Leute - Die Genusswoche<\/title>\n<meta name=\"robots\" content=\"index, follow, max-snippet:-1, max-image-preview:large, max-video-preview:-1\" \/>\n<link rel=\"canonical\" href=\"https:\/\/www.gout.ch\/de\/gastronomie-fuer-junge-leute\/\" \/>\n<meta property=\"og:locale\" content=\"de_DE\" \/>\n<meta property=\"og:type\" content=\"article\" \/>\n<meta property=\"og:title\" content=\"Gastronomie f\u00fcr junge Leute - Die Genusswoche\" \/>\n<meta property=\"og:description\" content=\"Die Bons bieten jungen Leuten von 18 bis 25 Jahren eine Gelegenheit, die gehobene Gastronomie kennen zu [&hellip;]\" \/>\n<meta property=\"og:url\" content=\"https:\/\/www.gout.ch\/de\/gastronomie-fuer-junge-leute\/\" \/>\n<meta property=\"og:site_name\" content=\"Die Genusswoche\" \/>\n<meta property=\"article:modified_time\" content=\"2026-04-07T15:09:48+00:00\" \/>\n<meta property=\"og:image\" content=\"https:\/\/www.gout.ch\/wp-content\/uploads\/2021\/03\/SDG_2021_BonJeunes_Bandeau_DE_1920x1050.jpg\" \/>\n\t<meta property=\"og:image:width\" content=\"1920\" \/>\n\t<meta property=\"og:image:height\" content=\"1050\" \/>\n\t<meta property=\"og:image:type\" content=\"image\/jpeg\" \/>\n<meta name=\"twitter:card\" content=\"summary_large_image\" \/>\n<meta name=\"twitter:label1\" content=\"Gesch\u00e4tzte Lesezeit\" \/>\n\t<meta name=\"twitter:data1\" content=\"4\u00a0Minuten\" \/>\n<script type=\"application\/ld+json\" class=\"yoast-schema-graph\">{\"@context\":\"https:\\\/\\\/schema.org\",\"@graph\":[{\"@type\":\"WebPage\",\"@id\":\"https:\\\/\\\/www.gout.ch\\\/de\\\/gastronomie-fuer-junge-leute\\\/\",\"url\":\"https:\\\/\\\/www.gout.ch\\\/de\\\/gastronomie-fuer-junge-leute\\\/\",\"name\":\"Gastronomie f\u00fcr junge Leute - Die Genusswoche\",\"isPartOf\":{\"@id\":\"https:\\\/\\\/www.gout.ch\\\/de\\\/#website\"},\"primaryImageOfPage\":{\"@id\":\"https:\\\/\\\/www.gout.ch\\\/de\\\/gastronomie-fuer-junge-leute\\\/#primaryimage\"},\"image\":{\"@id\":\"https:\\\/\\\/www.gout.ch\\\/de\\\/gastronomie-fuer-junge-leute\\\/#primaryimage\"},\"thumbnailUrl\":\"https:\\\/\\\/www.gout.ch\\\/wp-content\\\/uploads\\\/2021\\\/03\\\/SDG_2021_BonJeunes_Bandeau_DE_1920x1050.jpg\",\"datePublished\":\"2017-03-02T12:52:33+00:00\",\"dateModified\":\"2026-04-07T15:09:48+00:00\",\"breadcrumb\":{\"@id\":\"https:\\\/\\\/www.gout.ch\\\/de\\\/gastronomie-fuer-junge-leute\\\/#breadcrumb\"},\"inLanguage\":\"de\",\"potentialAction\":[{\"@type\":\"ReadAction\",\"target\":[\"https:\\\/\\\/www.gout.ch\\\/de\\\/gastronomie-fuer-junge-leute\\\/\"]}]},{\"@type\":\"ImageObject\",\"inLanguage\":\"de\",\"@id\":\"https:\\\/\\\/www.gout.ch\\\/de\\\/gastronomie-fuer-junge-leute\\\/#primaryimage\",\"url\":\"https:\\\/\\\/www.gout.ch\\\/wp-content\\\/uploads\\\/2021\\\/03\\\/SDG_2021_BonJeunes_Bandeau_DE_1920x1050.jpg\",\"contentUrl\":\"https:\\\/\\\/www.gout.ch\\\/wp-content\\\/uploads\\\/2021\\\/03\\\/SDG_2021_BonJeunes_Bandeau_DE_1920x1050.jpg\",\"width\":1920,\"height\":1050},{\"@type\":\"BreadcrumbList\",\"@id\":\"https:\\\/\\\/www.gout.ch\\\/de\\\/gastronomie-fuer-junge-leute\\\/#breadcrumb\",\"itemListElement\":[{\"@type\":\"ListItem\",\"position\":1,\"name\":\"Accueil\",\"item\":\"https:\\\/\\\/www.gout.ch\\\/de\\\/\"},{\"@type\":\"ListItem\",\"position\":2,\"name\":\"Gastronomie f\u00fcr junge Leute\"}]},{\"@type\":\"WebSite\",\"@id\":\"https:\\\/\\\/www.gout.ch\\\/de\\\/#website\",\"url\":\"https:\\\/\\\/www.gout.ch\\\/de\\\/\",\"name\":\"Die Genusswoche\",\"description\":\"\",\"potentialAction\":[{\"@type\":\"SearchAction\",\"target\":{\"@type\":\"EntryPoint\",\"urlTemplate\":\"https:\\\/\\\/www.gout.ch\\\/de\\\/?s={search_term_string}\"},\"query-input\":{\"@type\":\"PropertyValueSpecification\",\"valueRequired\":true,\"valueName\":\"search_term_string\"}}],\"inLanguage\":\"de\"}]}<\/script>\n<!-- \/ Yoast SEO plugin. -->","yoast_head_json":{"title":"Gastronomie f\u00fcr junge Leute - Die Genusswoche","robots":{"index":"index","follow":"follow","max-snippet":"max-snippet:-1","max-image-preview":"max-image-preview:large","max-video-preview":"max-video-preview:-1"},"canonical":"https:\/\/www.gout.ch\/de\/gastronomie-fuer-junge-leute\/","og_locale":"de_DE","og_type":"article","og_title":"Gastronomie f\u00fcr junge Leute - Die Genusswoche","og_description":"Die Bons bieten jungen Leuten von 18 bis 25 Jahren eine Gelegenheit, die gehobene Gastronomie kennen zu [&hellip;]","og_url":"https:\/\/www.gout.ch\/de\/gastronomie-fuer-junge-leute\/","og_site_name":"Die Genusswoche","article_modified_time":"2026-04-07T15:09:48+00:00","og_image":[{"width":1920,"height":1050,"url":"https:\/\/www.gout.ch\/wp-content\/uploads\/2021\/03\/SDG_2021_BonJeunes_Bandeau_DE_1920x1050.jpg","type":"image\/jpeg"}],"twitter_card":"summary_large_image","twitter_misc":{"Gesch\u00e4tzte Lesezeit":"4\u00a0Minuten"},"schema":{"@context":"https:\/\/schema.org","@graph":[{"@type":"WebPage","@id":"https:\/\/www.gout.ch\/de\/gastronomie-fuer-junge-leute\/","url":"https:\/\/www.gout.ch\/de\/gastronomie-fuer-junge-leute\/","name":"Gastronomie f\u00fcr junge Leute - Die Genusswoche","isPartOf":{"@id":"https:\/\/www.gout.ch\/de\/#website"},"primaryImageOfPage":{"@id":"https:\/\/www.gout.ch\/de\/gastronomie-fuer-junge-leute\/#primaryimage"},"image":{"@id":"https:\/\/www.gout.ch\/de\/gastronomie-fuer-junge-leute\/#primaryimage"},"thumbnailUrl":"https:\/\/www.gout.ch\/wp-content\/uploads\/2021\/03\/SDG_2021_BonJeunes_Bandeau_DE_1920x1050.jpg","datePublished":"2017-03-02T12:52:33+00:00","dateModified":"2026-04-07T15:09:48+00:00","breadcrumb":{"@id":"https:\/\/www.gout.ch\/de\/gastronomie-fuer-junge-leute\/#breadcrumb"},"inLanguage":"de","potentialAction":[{"@type":"ReadAction","target":["https:\/\/www.gout.ch\/de\/gastronomie-fuer-junge-leute\/"]}]},{"@type":"ImageObject","inLanguage":"de","@id":"https:\/\/www.gout.ch\/de\/gastronomie-fuer-junge-leute\/#primaryimage","url":"https:\/\/www.gout.ch\/wp-content\/uploads\/2021\/03\/SDG_2021_BonJeunes_Bandeau_DE_1920x1050.jpg","contentUrl":"https:\/\/www.gout.ch\/wp-content\/uploads\/2021\/03\/SDG_2021_BonJeunes_Bandeau_DE_1920x1050.jpg","width":1920,"height":1050},{"@type":"BreadcrumbList","@id":"https:\/\/www.gout.ch\/de\/gastronomie-fuer-junge-leute\/#breadcrumb","itemListElement":[{"@type":"ListItem","position":1,"name":"Accueil","item":"https:\/\/www.gout.ch\/de\/"},{"@type":"ListItem","position":2,"name":"Gastronomie f\u00fcr junge Leute"}]},{"@type":"WebSite","@id":"https:\/\/www.gout.ch\/de\/#website","url":"https:\/\/www.gout.ch\/de\/","name":"Die Genusswoche","description":"","potentialAction":[{"@type":"SearchAction","target":{"@type":"EntryPoint","urlTemplate":"https:\/\/www.gout.ch\/de\/?s={search_term_string}"},"query-input":{"@type":"PropertyValueSpecification","valueRequired":true,"valueName":"search_term_string"}}],"inLanguage":"de"}]}},"_links":{"self":[{"href":"https:\/\/www.gout.ch\/de\/wp-json\/wp\/v2\/pages\/36","targetHints":{"allow":["GET"]}}],"collection":[{"href":"https:\/\/www.gout.ch\/de\/wp-json\/wp\/v2\/pages"}],"about":[{"href":"https:\/\/www.gout.ch\/de\/wp-json\/wp\/v2\/types\/page"}],"author":[{"embeddable":true,"href":"https:\/\/www.gout.ch\/de\/wp-json\/wp\/v2\/users\/1"}],"replies":[{"embeddable":true,"href":"https:\/\/www.gout.ch\/de\/wp-json\/wp\/v2\/comments?post=36"}],"version-history":[{"count":293,"href":"https:\/\/www.gout.ch\/de\/wp-json\/wp\/v2\/pages\/36\/revisions"}],"predecessor-version":[{"id":13682,"href":"https:\/\/www.gout.ch\/de\/wp-json\/wp\/v2\/pages\/36\/revisions\/13682"}],"wp:featuredmedia":[{"embeddable":true,"href":"https:\/\/www.gout.ch\/de\/wp-json\/wp\/v2\/media\/7558"}],"wp:attachment":[{"href":"https:\/\/www.gout.ch\/de\/wp-json\/wp\/v2\/media?parent=36"}],"curies":[{"name":"wp","href":"https:\/\/api.w.org\/{rel}","templated":true}]}}