{"id":6054,"date":"2020-02-25T14:04:17","date_gmt":"2020-02-25T13:04:17","guid":{"rendered":"https:\/\/www.gout.ch\/?page_id=6054"},"modified":"2020-02-25T15:51:35","modified_gmt":"2020-02-25T14:51:35","slug":"appell-fu%cc%88r-das-recht-auf-gutes-essen","status":"publish","type":"page","link":"https:\/\/www.gout.ch\/de\/appell-fu%cc%88r-das-recht-auf-gutes-essen\/","title":{"rendered":"Appell f\u00fcr das Recht auf gutes Essen"},"content":{"rendered":"<div class=\"page\" title=\"Page 5\">\n<div class=\"layoutArea\">\n<div class=\"catchword\">\n<p>Die heutige Landwirtschaft sei zu industriell und nicht mehr lebenserhaltend, kritisieren Schweizer Sternek\u00f6che. Sie appellierten im September 2018 f\u00fcr das Recht auf \u00ab gutes Essen \u00bb f\u00fcr alle.<\/p>\n<\/div>\n<div>\n<div class=\"article-body readmore\">\n<p>In der Schweiz habe eine privilegierte Schicht der Gesellschaft Zugang zu einer Geschmackserziehung und zu hochwertigen Produkten, w\u00e4hrend eine Mehrheit einer von der Industrie diktierten Konsumlandschaft ausgeliefert sei, schreiben sie in einer Mitteilung.<\/p>\n<\/div>\n<div class=\"article-body readmore\">\n<p>Und appellieren f\u00fcr ein Recht auf \u00ab gutes Essen \u00bb f\u00fcr alle. Die massiv industrialisierte Landwirtschaft ern\u00e4hre ihre Landsleute nicht mehr, heisst es. In vielen L\u00e4ndern \u2013 nicht nur in der Schweiz \u2013 gehe es nur noch um einen Wettstreit um Produktivit\u00e4t, Exporte und tiefe Preise. Das zerst\u00f6re die lebenserhaltende Landwirtschaft und schade der Qualit\u00e4t.<\/p>\n<\/div>\n<\/div>\n<\/div>\n<\/div>\n<div>\n<div class=\"article-body readmore\">\n<p>Ihren Appell richten die K\u00f6che bewusst auch an die Politik. Ihnen schwebt ein Verfassungsartikel vor, der den Bund auffordert, Geschmackserziehung wie Sport und Bildung zu f\u00f6rdern.<\/p>\n<p>Quelle: <a href=\"https:\/\/www.blick.ch\/news\/politik\/gesunde-ernaehrung-sei-ein-recht-schweizer-sternekoeche-wollen-gutes-essen-fuer-alle-id8842914.html\">Blick<\/a>, 16.09.2018<\/p>\n<\/div>\n<p><a href=\"https:\/\/www.gout.ch\/wp-content\/uploads\/2020\/02\/Appel-Appell-Appello-suisse-au-droit-%C3%A0-bien-manger.pdf\">Appel herunterladen <\/a><\/p>\n<\/div>\n","protected":false},"excerpt":{"rendered":"<p>Die heutige Landwirtschaft sei zu industriell und nicht mehr lebenserhaltend, kritisieren Schweizer Sternek\u00f6che. Sie appellierten im September [&hellip;]<\/p>\n","protected":false},"author":3,"featured_media":6048,"parent":0,"menu_order":0,"comment_status":"closed","ping_status":"closed","template":"","meta":{"_acf_changed":false,"footnotes":""},"class_list":["post-6054","page","type-page","status-publish","has-post-thumbnail","hentry"],"acf":[],"yoast_head":"<!-- This site is optimized with the Yoast SEO plugin v27.2 - https:\/\/yoast.com\/product\/yoast-seo-wordpress\/ -->\n<title>Appell f\u00fcr das Recht auf gutes Essen - Die Genusswoche<\/title>\n<meta name=\"robots\" content=\"index, follow, max-snippet:-1, max-image-preview:large, max-video-preview:-1\" \/>\n<link rel=\"canonical\" href=\"https:\/\/www.gout.ch\/de\/appell-fu\u0308r-das-recht-auf-gutes-essen\/\" \/>\n<meta property=\"og:locale\" content=\"de_DE\" \/>\n<meta property=\"og:type\" content=\"article\" \/>\n<meta property=\"og:title\" content=\"Appell f\u00fcr das Recht auf gutes Essen - Die Genusswoche\" \/>\n<meta property=\"og:description\" content=\"Die heutige Landwirtschaft sei zu industriell und nicht mehr lebenserhaltend, kritisieren Schweizer Sternek\u00f6che. Sie appellierten im September [&hellip;]\" \/>\n<meta property=\"og:url\" content=\"https:\/\/www.gout.ch\/de\/appell-fu\u0308r-das-recht-auf-gutes-essen\/\" \/>\n<meta property=\"og:site_name\" content=\"Die Genusswoche\" \/>\n<meta property=\"article:modified_time\" content=\"2020-02-25T14:51:35+00:00\" \/>\n<meta property=\"og:image\" content=\"https:\/\/www.gout.ch\/wp-content\/uploads\/2020\/02\/IMG_9988-3.jpg\" \/>\n\t<meta property=\"og:image:width\" content=\"1732\" \/>\n\t<meta property=\"og:image:height\" content=\"2560\" \/>\n\t<meta property=\"og:image:type\" content=\"image\/jpeg\" \/>\n<meta name=\"twitter:card\" content=\"summary_large_image\" \/>\n<meta name=\"twitter:label1\" content=\"Gesch\u00e4tzte Lesezeit\" \/>\n\t<meta name=\"twitter:data1\" content=\"1\u00a0Minute\" \/>\n<script type=\"application\/ld+json\" class=\"yoast-schema-graph\">{\"@context\":\"https:\/\/schema.org\",\"@graph\":[{\"@type\":\"WebPage\",\"@id\":\"https:\/\/www.gout.ch\/de\/appell-fu%cc%88r-das-recht-auf-gutes-essen\/\",\"url\":\"https:\/\/www.gout.ch\/de\/appell-fu%cc%88r-das-recht-auf-gutes-essen\/\",\"name\":\"Appell f\u00fcr das Recht auf gutes Essen - Die Genusswoche\",\"isPartOf\":{\"@id\":\"https:\/\/www.gout.ch\/de\/#website\"},\"primaryImageOfPage\":{\"@id\":\"https:\/\/www.gout.ch\/de\/appell-fu%cc%88r-das-recht-auf-gutes-essen\/#primaryimage\"},\"image\":{\"@id\":\"https:\/\/www.gout.ch\/de\/appell-fu%cc%88r-das-recht-auf-gutes-essen\/#primaryimage\"},\"thumbnailUrl\":\"https:\/\/www.gout.ch\/wp-content\/uploads\/2020\/02\/IMG_9988-3.jpg\",\"datePublished\":\"2020-02-25T13:04:17+00:00\",\"dateModified\":\"2020-02-25T14:51:35+00:00\",\"breadcrumb\":{\"@id\":\"https:\/\/www.gout.ch\/de\/appell-fu%cc%88r-das-recht-auf-gutes-essen\/#breadcrumb\"},\"inLanguage\":\"de\",\"potentialAction\":[{\"@type\":\"ReadAction\",\"target\":[\"https:\/\/www.gout.ch\/de\/appell-fu%cc%88r-das-recht-auf-gutes-essen\/\"]}]},{\"@type\":\"ImageObject\",\"inLanguage\":\"de\",\"@id\":\"https:\/\/www.gout.ch\/de\/appell-fu%cc%88r-das-recht-auf-gutes-essen\/#primaryimage\",\"url\":\"https:\/\/www.gout.ch\/wp-content\/uploads\/2020\/02\/IMG_9988-3.jpg\",\"contentUrl\":\"https:\/\/www.gout.ch\/wp-content\/uploads\/2020\/02\/IMG_9988-3.jpg\",\"width\":1732,\"height\":2560},{\"@type\":\"BreadcrumbList\",\"@id\":\"https:\/\/www.gout.ch\/de\/appell-fu%cc%88r-das-recht-auf-gutes-essen\/#breadcrumb\",\"itemListElement\":[{\"@type\":\"ListItem\",\"position\":1,\"name\":\"Accueil\",\"item\":\"https:\/\/www.gout.ch\/de\/\"},{\"@type\":\"ListItem\",\"position\":2,\"name\":\"Appell f\u00fcr das Recht auf gutes Essen\"}]},{\"@type\":\"WebSite\",\"@id\":\"https:\/\/www.gout.ch\/de\/#website\",\"url\":\"https:\/\/www.gout.ch\/de\/\",\"name\":\"Die Genusswoche\",\"description\":\"\",\"potentialAction\":[{\"@type\":\"SearchAction\",\"target\":{\"@type\":\"EntryPoint\",\"urlTemplate\":\"https:\/\/www.gout.ch\/de\/?s={search_term_string}\"},\"query-input\":{\"@type\":\"PropertyValueSpecification\",\"valueRequired\":true,\"valueName\":\"search_term_string\"}}],\"inLanguage\":\"de\"}]}<\/script>\n<!-- \/ Yoast SEO plugin. -->","yoast_head_json":{"title":"Appell f\u00fcr das Recht auf gutes Essen - Die Genusswoche","robots":{"index":"index","follow":"follow","max-snippet":"max-snippet:-1","max-image-preview":"max-image-preview:large","max-video-preview":"max-video-preview:-1"},"canonical":"https:\/\/www.gout.ch\/de\/appell-fu\u0308r-das-recht-auf-gutes-essen\/","og_locale":"de_DE","og_type":"article","og_title":"Appell f\u00fcr das Recht auf gutes Essen - Die Genusswoche","og_description":"Die heutige Landwirtschaft sei zu industriell und nicht mehr lebenserhaltend, kritisieren Schweizer Sternek\u00f6che. Sie appellierten im September [&hellip;]","og_url":"https:\/\/www.gout.ch\/de\/appell-fu\u0308r-das-recht-auf-gutes-essen\/","og_site_name":"Die Genusswoche","article_modified_time":"2020-02-25T14:51:35+00:00","og_image":[{"width":1732,"height":2560,"url":"https:\/\/www.gout.ch\/wp-content\/uploads\/2020\/02\/IMG_9988-3.jpg","type":"image\/jpeg"}],"twitter_card":"summary_large_image","twitter_misc":{"Gesch\u00e4tzte Lesezeit":"1\u00a0Minute"},"schema":{"@context":"https:\/\/schema.org","@graph":[{"@type":"WebPage","@id":"https:\/\/www.gout.ch\/de\/appell-fu%cc%88r-das-recht-auf-gutes-essen\/","url":"https:\/\/www.gout.ch\/de\/appell-fu%cc%88r-das-recht-auf-gutes-essen\/","name":"Appell f\u00fcr das Recht auf gutes Essen - Die Genusswoche","isPartOf":{"@id":"https:\/\/www.gout.ch\/de\/#website"},"primaryImageOfPage":{"@id":"https:\/\/www.gout.ch\/de\/appell-fu%cc%88r-das-recht-auf-gutes-essen\/#primaryimage"},"image":{"@id":"https:\/\/www.gout.ch\/de\/appell-fu%cc%88r-das-recht-auf-gutes-essen\/#primaryimage"},"thumbnailUrl":"https:\/\/www.gout.ch\/wp-content\/uploads\/2020\/02\/IMG_9988-3.jpg","datePublished":"2020-02-25T13:04:17+00:00","dateModified":"2020-02-25T14:51:35+00:00","breadcrumb":{"@id":"https:\/\/www.gout.ch\/de\/appell-fu%cc%88r-das-recht-auf-gutes-essen\/#breadcrumb"},"inLanguage":"de","potentialAction":[{"@type":"ReadAction","target":["https:\/\/www.gout.ch\/de\/appell-fu%cc%88r-das-recht-auf-gutes-essen\/"]}]},{"@type":"ImageObject","inLanguage":"de","@id":"https:\/\/www.gout.ch\/de\/appell-fu%cc%88r-das-recht-auf-gutes-essen\/#primaryimage","url":"https:\/\/www.gout.ch\/wp-content\/uploads\/2020\/02\/IMG_9988-3.jpg","contentUrl":"https:\/\/www.gout.ch\/wp-content\/uploads\/2020\/02\/IMG_9988-3.jpg","width":1732,"height":2560},{"@type":"BreadcrumbList","@id":"https:\/\/www.gout.ch\/de\/appell-fu%cc%88r-das-recht-auf-gutes-essen\/#breadcrumb","itemListElement":[{"@type":"ListItem","position":1,"name":"Accueil","item":"https:\/\/www.gout.ch\/de\/"},{"@type":"ListItem","position":2,"name":"Appell f\u00fcr das Recht auf gutes Essen"}]},{"@type":"WebSite","@id":"https:\/\/www.gout.ch\/de\/#website","url":"https:\/\/www.gout.ch\/de\/","name":"Die Genusswoche","description":"","potentialAction":[{"@type":"SearchAction","target":{"@type":"EntryPoint","urlTemplate":"https:\/\/www.gout.ch\/de\/?s={search_term_string}"},"query-input":{"@type":"PropertyValueSpecification","valueRequired":true,"valueName":"search_term_string"}}],"inLanguage":"de"}]}},"_links":{"self":[{"href":"https:\/\/www.gout.ch\/de\/wp-json\/wp\/v2\/pages\/6054","targetHints":{"allow":["GET"]}}],"collection":[{"href":"https:\/\/www.gout.ch\/de\/wp-json\/wp\/v2\/pages"}],"about":[{"href":"https:\/\/www.gout.ch\/de\/wp-json\/wp\/v2\/types\/page"}],"author":[{"embeddable":true,"href":"https:\/\/www.gout.ch\/de\/wp-json\/wp\/v2\/users\/3"}],"replies":[{"embeddable":true,"href":"https:\/\/www.gout.ch\/de\/wp-json\/wp\/v2\/comments?post=6054"}],"version-history":[{"count":9,"href":"https:\/\/www.gout.ch\/de\/wp-json\/wp\/v2\/pages\/6054\/revisions"}],"predecessor-version":[{"id":6067,"href":"https:\/\/www.gout.ch\/de\/wp-json\/wp\/v2\/pages\/6054\/revisions\/6067"}],"wp:featuredmedia":[{"embeddable":true,"href":"https:\/\/www.gout.ch\/de\/wp-json\/wp\/v2\/media\/6048"}],"wp:attachment":[{"href":"https:\/\/www.gout.ch\/de\/wp-json\/wp\/v2\/media?parent=6054"}],"curies":[{"name":"wp","href":"https:\/\/api.w.org\/{rel}","templated":true}]}}