{"id":6978,"date":"2020-10-07T14:27:56","date_gmt":"2020-10-07T12:27:56","guid":{"rendered":"https:\/\/www.gout.ch\/?page_id=6978"},"modified":"2020-10-07T14:27:56","modified_gmt":"2020-10-07T12:27:56","slug":"rede-von-bundespraesidentin-simonetta-sommaruga","status":"publish","type":"page","link":"https:\/\/www.gout.ch\/de\/rede-von-bundespraesidentin-simonetta-sommaruga\/","title":{"rendered":"Rede von Bundespr\u00e4sidentin Simonetta Sommaruga"},"content":{"rendered":"<p>Bern, 16. September 2020<\/p>\n<h2><strong>Er\u00f6ffnungsgala <\/strong><strong>der Schweizer Genusswoche<\/strong><\/h2>\n<p><strong><u>Die Bundespr\u00e4sidentin und ihre Kalbsb\u00e4ggli<\/u><\/strong><\/p>\n<p><a href=\"https:\/\/www.gout.ch\/wp-content\/uploads\/2020\/10\/simosomm.jpg\"><img loading=\"lazy\" decoding=\"async\" class=\"alignleft wp-image-6989 size-full\" src=\"https:\/\/www.gout.ch\/wp-content\/uploads\/2020\/10\/simosomm.jpg\" alt=\"\" width=\"512\" height=\"384\" \/><\/a>Gesch\u00e4tzte Genuss-Freunde und Genuss-Freundinnen<\/p>\n<p>Ich habe einer Zeitung in dieser Corona-Zeit einmal einen schwierigen Tag f\u00fcr uns Bundesr\u00e4tinnen und Bundesr\u00e4te geschildert, habe detailliert erkl\u00e4rt, was wir an diesem Tag \u00fcberlegt und getan haben. Der Titel des Artikels lautete dann \u00abGeschmorte Kalbsb\u00e4ggli\u00bb.<\/p>\n<p>Nicht unsere komplizierten Abkl\u00e4rungen und Erw\u00e4gungen schafften es in den Titel, sondern unser einfaches, w\u00e4hrschaftes Abendessen.<\/p>\n<p>Das ist dem Journalisten nicht zu ver\u00fcbeln. Viele haben in den letzten Monaten den Luxus des Einfachen wiederentdeckt. Auch Bio erlebte einen Boom.<\/p>\n<p>Wir haben selber Tomaten gezogen oder das Einkaufsk\u00f6rbli auf das Velo geklemmt und sind zum n\u00e4chsten Hofladen gefahren. Wir haben Fleisch aus der anonymen Grosschlachterei gemieden und daf\u00fcr den Sonntagsbraten beim Dorfmetzger bestellt. Und unser Zmittag haben wir nicht aus dem Plastik gepackt und mit den Fingern gegessen, sondern haben daheim am Tisch Selbstgekochtes genossen.<\/p>\n<p>Wir sind wieder auf den Geschmack gekommen: Ist das Essen gesund und gut, tut das uns gut. Es ist uns bewusster geworden, was es f\u00fcr einen Wert hat, bewusst zu leben.<\/p>\n<p>Es ist uns auch bewusst geworden, dass es nicht selbstverst\u00e4ndlich ist, so wie heute vor einem leeren Teller sitzen zu k\u00f6nnen und zu wissen, dass er sich bald wie von allein mit Gutem f\u00fcllt.<\/p>\n<p>Die K\u00f6chinnen, Restaurantleiter und all die Fleissigen im Service \u2013 sie konnten wochenlang nicht zur Arbeit gehen. Sie hatten wegen der Corona-Massnahmen besonders zu \u00abbeissen\u00bb. Noch heute arbeiten sie unter erschwerten Bedingungen.<\/p>\n<p>Unsere Besuche im Restaurant geben ihnen wieder eine Perspektive. Und sie haben uns gefehlt, diese Besuche: Die Gastfreundschaft, umsorgt zu werden, das gem\u00fctliche Beisammensein. Darum sage ich denen, die heute hier sind stellvertretend f\u00fcr alle: Merci daf\u00fcr, dass Sie f\u00fcr uns da sind.<\/p>\n<p>Ja, und da waren dann eben diese Kalbsb\u00e4ggli.<\/p>\n<p>Nach der Publikation des Artikels erhielten unser Generalsekretariat erstaunte Fragen: Isst die Bundespr\u00e4sidentin das wirklich?<\/p>\n<p>Ja, das tut sie. Auch eine linke Frau mit viel Sinn f\u00fcr Umwelt- und Tierschutz isst gerne etwas Rechtes. Nicht nur ein Salatblatt mit einem ged\u00fcnsteten Nichts oder eine gutes Tr\u00f6pfchen Randensaft mit einem Hauch warmer Luft. Solch spartanische Mahlzeiten wollte man mir k\u00fcrzlich drei Tage lang servieren. Ich habe ref\u00fcsiert. Auch wenn es auf den ersten Blick nicht so scheint &#8211; an mir ist \u00abFood\u00bb nicht \u00abwasted\u00bb. Ich esse gerne Gutes, liebevoll Zubereitetes, mit viel Geschmack. Zum Beispiel vom B\u00e4cker im Quartier, sie wissen, der mit dem Altamura-Brot.<\/p>\n<p>Nach meiner Neujahrsansprache haben wir Briefe von dankbaren B\u00e4ckerinnen und B\u00e4ckern aus Frankreich und \u00d6sterreich erhalten und Geb\u00e4ck aus der ganzen Schweiz.<\/p>\n<p>Es ist mir wichtig, dass gute Arbeit und Qualit\u00e4t wertgesch\u00e4tzt wird. Es ist mir auch wichtig, dass Nahrungsmittel gesund sind, dass Tiere lebenswerte Bedingungen haben und nicht nur wegen ihrem Filet sterben. Es ist mir wichtig, dass wir nicht hier im \u00dcbermass leben und Menschen in anderen Weltregionen hungern. Es ist mir wichtig, dass die St\u00e4dte nicht mit Plastikverpackungen zugem\u00fcllt werden und sorgf\u00e4ltig hergestellte Lebensmittel einfach im Abfall landen.<\/p>\n<p>Wenn sie mich abends mit einer dicken Tasche im Bus sehen, ist das nicht unbedingt wegen der vielen Akten. Manchmal steckt einfach ein Tupper drin mit den Resten vom Mittag die ich zum Znacht w\u00e4rme oder zu einer Suppe verwandle.<\/p>\n<p>&nbsp;<\/p>\n<p><em>J\u2019ai parl\u00e9 seulement en allemand\u00a0jusqu\u2019ici.<\/em><\/p>\n<p><em>Ce n\u2019est pas que j\u2019ai oubli\u00e9 les francophones\u2026 non, pas du tout\u00a0! Mais depuis que j\u2019ai pris la parole, je me demande comment on dit \u00abgeschmorte Kalbsb\u00e4ggli\u00bb en fran\u00e7ais\u00a0!!! Et je crois bien avoir trouv\u00e9\u2026 est-ce que ce ne serait pas\u00a0: \u00a0joue de veau brais\u00e9e\u00a0?!<\/em><\/p>\n<p><em>Finalement, peu importe comme on le dit, un bon plat n\u2019a pas besoin de traduction.<\/em><\/p>\n<p><em>Mesdames et Messieurs,<\/em><\/p>\n<p><em>La semaine du go\u00fbt c\u00e9l\u00e8bre ses 20 ans et je vous apporte les v\u0153ux du Conseil f\u00e9d\u00e9ral pour cet anniversaire tout rond. Depuis 20 ans, vous vous engagez pour la diversit\u00e9 des go\u00fbts et des cultures alimentaires de notre pays, pour le savoir-faire artisanal et pour le plaisir gustatif. Je suis persuad\u00e9e que la dynamique actuelle va faire progresser ces valeurs.<\/em><\/p>\n<p>Seit 20 Jahren setzen Sie sich ein f\u00fcr einen vern\u00fcnftigen Umgang mit Nahrungsmitteln, f\u00fcr Vielfalt und echten Genuss. Ich bin sicher: jetzt erleben wir ein Momentum, um genau das voranzutreiben.<\/p>\n<p>&nbsp;<\/p>\n<p>Es ist das Jahr der anderen, neuen Erfahrungen. Das Jahr der R\u00fcckbesinnung auf das Echte, das Gesunde f\u00fcr Mensch, Tier und Umwelt, auf das Gute von hier.<\/p>\n<p>Es ist das Jahr der geschmorten Kalbsb\u00e4ggli.<\/p>\n<p>&nbsp;<\/p>\n<p>&nbsp;<\/p>\n","protected":false},"excerpt":{"rendered":"<p>Bern, 16. September 2020 Er\u00f6ffnungsgala der Schweizer Genusswoche Die Bundespr\u00e4sidentin und ihre Kalbsb\u00e4ggli Gesch\u00e4tzte Genuss-Freunde und Genuss-Freundinnen [&hellip;]<\/p>\n","protected":false},"author":3,"featured_media":0,"parent":0,"menu_order":0,"comment_status":"closed","ping_status":"closed","template":"","meta":{"_acf_changed":false,"footnotes":""},"class_list":["post-6978","page","type-page","status-publish","hentry"],"acf":[],"yoast_head":"<!-- This site is optimized with the Yoast SEO plugin v27.5 - https:\/\/yoast.com\/product\/yoast-seo-wordpress\/ -->\n<title>Rede von Bundespr\u00e4sidentin Simonetta Sommaruga - Die Genusswoche<\/title>\n<meta name=\"robots\" content=\"index, follow, max-snippet:-1, max-image-preview:large, max-video-preview:-1\" \/>\n<link rel=\"canonical\" href=\"https:\/\/www.gout.ch\/de\/rede-von-bundespraesidentin-simonetta-sommaruga\/\" \/>\n<meta property=\"og:locale\" content=\"de_DE\" \/>\n<meta property=\"og:type\" content=\"article\" \/>\n<meta property=\"og:title\" content=\"Rede von Bundespr\u00e4sidentin Simonetta Sommaruga - Die Genusswoche\" \/>\n<meta property=\"og:description\" content=\"Bern, 16. September 2020 Er\u00f6ffnungsgala der Schweizer Genusswoche Die Bundespr\u00e4sidentin und ihre Kalbsb\u00e4ggli Gesch\u00e4tzte Genuss-Freunde und Genuss-Freundinnen [&hellip;]\" \/>\n<meta property=\"og:url\" content=\"https:\/\/www.gout.ch\/de\/rede-von-bundespraesidentin-simonetta-sommaruga\/\" \/>\n<meta property=\"og:site_name\" content=\"Die Genusswoche\" \/>\n<meta property=\"og:image\" content=\"https:\/\/www.gout.ch\/wp-content\/uploads\/2020\/10\/simosomm.jpg\" \/>\n<meta name=\"twitter:card\" content=\"summary_large_image\" \/>\n<meta name=\"twitter:label1\" content=\"Gesch\u00e4tzte Lesezeit\" \/>\n\t<meta name=\"twitter:data1\" content=\"4\u00a0Minuten\" \/>\n<script type=\"application\/ld+json\" class=\"yoast-schema-graph\">{\"@context\":\"https:\\\/\\\/schema.org\",\"@graph\":[{\"@type\":\"WebPage\",\"@id\":\"https:\\\/\\\/www.gout.ch\\\/de\\\/rede-von-bundespraesidentin-simonetta-sommaruga\\\/\",\"url\":\"https:\\\/\\\/www.gout.ch\\\/de\\\/rede-von-bundespraesidentin-simonetta-sommaruga\\\/\",\"name\":\"Rede von Bundespr\u00e4sidentin Simonetta Sommaruga - Die Genusswoche\",\"isPartOf\":{\"@id\":\"https:\\\/\\\/www.gout.ch\\\/de\\\/#website\"},\"primaryImageOfPage\":{\"@id\":\"https:\\\/\\\/www.gout.ch\\\/de\\\/rede-von-bundespraesidentin-simonetta-sommaruga\\\/#primaryimage\"},\"image\":{\"@id\":\"https:\\\/\\\/www.gout.ch\\\/de\\\/rede-von-bundespraesidentin-simonetta-sommaruga\\\/#primaryimage\"},\"thumbnailUrl\":\"https:\\\/\\\/www.gout.ch\\\/wp-content\\\/uploads\\\/2020\\\/10\\\/simosomm.jpg\",\"datePublished\":\"2020-10-07T12:27:56+00:00\",\"breadcrumb\":{\"@id\":\"https:\\\/\\\/www.gout.ch\\\/de\\\/rede-von-bundespraesidentin-simonetta-sommaruga\\\/#breadcrumb\"},\"inLanguage\":\"de\",\"potentialAction\":[{\"@type\":\"ReadAction\",\"target\":[\"https:\\\/\\\/www.gout.ch\\\/de\\\/rede-von-bundespraesidentin-simonetta-sommaruga\\\/\"]}]},{\"@type\":\"ImageObject\",\"inLanguage\":\"de\",\"@id\":\"https:\\\/\\\/www.gout.ch\\\/de\\\/rede-von-bundespraesidentin-simonetta-sommaruga\\\/#primaryimage\",\"url\":\"https:\\\/\\\/www.gout.ch\\\/wp-content\\\/uploads\\\/2020\\\/10\\\/simosomm.jpg\",\"contentUrl\":\"https:\\\/\\\/www.gout.ch\\\/wp-content\\\/uploads\\\/2020\\\/10\\\/simosomm.jpg\"},{\"@type\":\"BreadcrumbList\",\"@id\":\"https:\\\/\\\/www.gout.ch\\\/de\\\/rede-von-bundespraesidentin-simonetta-sommaruga\\\/#breadcrumb\",\"itemListElement\":[{\"@type\":\"ListItem\",\"position\":1,\"name\":\"Accueil\",\"item\":\"https:\\\/\\\/www.gout.ch\\\/de\\\/\"},{\"@type\":\"ListItem\",\"position\":2,\"name\":\"Rede von Bundespr\u00e4sidentin Simonetta Sommaruga\"}]},{\"@type\":\"WebSite\",\"@id\":\"https:\\\/\\\/www.gout.ch\\\/de\\\/#website\",\"url\":\"https:\\\/\\\/www.gout.ch\\\/de\\\/\",\"name\":\"Die Genusswoche\",\"description\":\"\",\"potentialAction\":[{\"@type\":\"SearchAction\",\"target\":{\"@type\":\"EntryPoint\",\"urlTemplate\":\"https:\\\/\\\/www.gout.ch\\\/de\\\/?s={search_term_string}\"},\"query-input\":{\"@type\":\"PropertyValueSpecification\",\"valueRequired\":true,\"valueName\":\"search_term_string\"}}],\"inLanguage\":\"de\"}]}<\/script>\n<!-- \/ Yoast SEO plugin. -->","yoast_head_json":{"title":"Rede von Bundespr\u00e4sidentin Simonetta Sommaruga - Die Genusswoche","robots":{"index":"index","follow":"follow","max-snippet":"max-snippet:-1","max-image-preview":"max-image-preview:large","max-video-preview":"max-video-preview:-1"},"canonical":"https:\/\/www.gout.ch\/de\/rede-von-bundespraesidentin-simonetta-sommaruga\/","og_locale":"de_DE","og_type":"article","og_title":"Rede von Bundespr\u00e4sidentin Simonetta Sommaruga - Die Genusswoche","og_description":"Bern, 16. September 2020 Er\u00f6ffnungsgala der Schweizer Genusswoche Die Bundespr\u00e4sidentin und ihre Kalbsb\u00e4ggli Gesch\u00e4tzte Genuss-Freunde und Genuss-Freundinnen [&hellip;]","og_url":"https:\/\/www.gout.ch\/de\/rede-von-bundespraesidentin-simonetta-sommaruga\/","og_site_name":"Die Genusswoche","og_image":[{"url":"https:\/\/www.gout.ch\/wp-content\/uploads\/2020\/10\/simosomm.jpg","type":"","width":"","height":""}],"twitter_card":"summary_large_image","twitter_misc":{"Gesch\u00e4tzte Lesezeit":"4\u00a0Minuten"},"schema":{"@context":"https:\/\/schema.org","@graph":[{"@type":"WebPage","@id":"https:\/\/www.gout.ch\/de\/rede-von-bundespraesidentin-simonetta-sommaruga\/","url":"https:\/\/www.gout.ch\/de\/rede-von-bundespraesidentin-simonetta-sommaruga\/","name":"Rede von Bundespr\u00e4sidentin Simonetta Sommaruga - Die Genusswoche","isPartOf":{"@id":"https:\/\/www.gout.ch\/de\/#website"},"primaryImageOfPage":{"@id":"https:\/\/www.gout.ch\/de\/rede-von-bundespraesidentin-simonetta-sommaruga\/#primaryimage"},"image":{"@id":"https:\/\/www.gout.ch\/de\/rede-von-bundespraesidentin-simonetta-sommaruga\/#primaryimage"},"thumbnailUrl":"https:\/\/www.gout.ch\/wp-content\/uploads\/2020\/10\/simosomm.jpg","datePublished":"2020-10-07T12:27:56+00:00","breadcrumb":{"@id":"https:\/\/www.gout.ch\/de\/rede-von-bundespraesidentin-simonetta-sommaruga\/#breadcrumb"},"inLanguage":"de","potentialAction":[{"@type":"ReadAction","target":["https:\/\/www.gout.ch\/de\/rede-von-bundespraesidentin-simonetta-sommaruga\/"]}]},{"@type":"ImageObject","inLanguage":"de","@id":"https:\/\/www.gout.ch\/de\/rede-von-bundespraesidentin-simonetta-sommaruga\/#primaryimage","url":"https:\/\/www.gout.ch\/wp-content\/uploads\/2020\/10\/simosomm.jpg","contentUrl":"https:\/\/www.gout.ch\/wp-content\/uploads\/2020\/10\/simosomm.jpg"},{"@type":"BreadcrumbList","@id":"https:\/\/www.gout.ch\/de\/rede-von-bundespraesidentin-simonetta-sommaruga\/#breadcrumb","itemListElement":[{"@type":"ListItem","position":1,"name":"Accueil","item":"https:\/\/www.gout.ch\/de\/"},{"@type":"ListItem","position":2,"name":"Rede von Bundespr\u00e4sidentin Simonetta Sommaruga"}]},{"@type":"WebSite","@id":"https:\/\/www.gout.ch\/de\/#website","url":"https:\/\/www.gout.ch\/de\/","name":"Die Genusswoche","description":"","potentialAction":[{"@type":"SearchAction","target":{"@type":"EntryPoint","urlTemplate":"https:\/\/www.gout.ch\/de\/?s={search_term_string}"},"query-input":{"@type":"PropertyValueSpecification","valueRequired":true,"valueName":"search_term_string"}}],"inLanguage":"de"}]}},"_links":{"self":[{"href":"https:\/\/www.gout.ch\/de\/wp-json\/wp\/v2\/pages\/6978","targetHints":{"allow":["GET"]}}],"collection":[{"href":"https:\/\/www.gout.ch\/de\/wp-json\/wp\/v2\/pages"}],"about":[{"href":"https:\/\/www.gout.ch\/de\/wp-json\/wp\/v2\/types\/page"}],"author":[{"embeddable":true,"href":"https:\/\/www.gout.ch\/de\/wp-json\/wp\/v2\/users\/3"}],"replies":[{"embeddable":true,"href":"https:\/\/www.gout.ch\/de\/wp-json\/wp\/v2\/comments?post=6978"}],"version-history":[{"count":9,"href":"https:\/\/www.gout.ch\/de\/wp-json\/wp\/v2\/pages\/6978\/revisions"}],"predecessor-version":[{"id":6993,"href":"https:\/\/www.gout.ch\/de\/wp-json\/wp\/v2\/pages\/6978\/revisions\/6993"}],"wp:attachment":[{"href":"https:\/\/www.gout.ch\/de\/wp-json\/wp\/v2\/media?parent=6978"}],"curies":[{"name":"wp","href":"https:\/\/api.w.org\/{rel}","templated":true}]}}