{"id":964,"date":"2017-03-22T09:16:42","date_gmt":"2017-03-22T08:16:42","guid":{"rendered":"https:\/\/www.gout.ch\/candidature-ville-du-gout\/"},"modified":"2026-01-12T07:50:40","modified_gmt":"2026-01-12T06:50:40","slug":"bewerbung-als-genuss-stadt","status":"publish","type":"page","link":"https:\/\/www.gout.ch\/de\/bewerbung-als-genuss-stadt\/","title":{"rendered":"Bewerbung als GenussStadt"},"content":{"rendered":"<p>Die \u00abGenussStadt\u00bb ist w\u00e4hrend der j\u00e4hrlichen Ausgabe die privilegierte Botschafterin der Genusswoche. Als solche f\u00fchrt sie das Abschlussfest durch. Jedes Jahr wird nur eine Stadt (oder Region) gew\u00e4hlt. <strong>Die <a href=\"https:\/\/www.gout.ch\/wp-content\/uploads\/2025\/11\/VILLES-DU-GOUT_2026_CandidatureVille_DE.pdf\">Bewerbungsunterlagen<\/a> sind bis sp\u00e4testens am 1. Januar des Vorjahres einzureichen.<\/strong><\/p>\n<p>Der Stiftungsrat w\u00e4hlt anhand dieser Dokumente innert zwei Monaten nach dem 1. Januar die GenussStadt oder Genuss-Region.<\/p>\n<p>2027: Zugeteilte Bewerbung<br \/>\n2028: Zugeteilte Bewerbung<br \/>\n2029: Romandie (Bewerbung noch m\u00f6glich)<br \/>\n2030: Deutschschweiz (Bewerbung noch m\u00f6glich)<\/p>\n<p><strong>GenussSt\u00e4dte und Genuss-Regionen<\/strong><\/p>\n<p><span dir=\"ltr\" role=\"presentation\">2026: Z\u00fcrich<br \/>\n2025: Aigle<br \/>\n2024: Valposchiavo<br \/>\n2023 Freiburg<br \/>\n2022 Basel<br \/>\n2021<\/span> <span dir=\"ltr\" role=\"presentation\">Genf<\/span><br role=\"presentation\" \/><span dir=\"ltr\" role=\"presentation\">2020<\/span> <span dir=\"ltr\" role=\"presentation\">Heidiland<\/span><br role=\"presentation\" \/><span dir=\"ltr\" role=\"presentation\">2019<\/span> <span dir=\"ltr\" role=\"presentation\">Montreux<\/span><br role=\"presentation\" \/><span dir=\"ltr\" role=\"presentation\">2018<\/span> <span dir=\"ltr\" role=\"presentation\">Lugano<\/span><br role=\"presentation\" \/><span dir=\"ltr\" role=\"presentation\">2017<\/span> <span dir=\"ltr\" role=\"presentation\">Neuenburg<\/span><br role=\"presentation\" \/><span dir=\"ltr\" role=\"presentation\">2016<\/span> <span dir=\"ltr\" role=\"presentation\">Liestal<\/span><br role=\"presentation\" \/><span dir=\"ltr\" role=\"presentation\">2015<\/span> <span dir=\"ltr\" role=\"presentation\">Locarno<\/span><br role=\"presentation\" \/><span dir=\"ltr\" role=\"presentation\">2014<\/span> <span dir=\"ltr\" role=\"presentation\">Moutier<\/span><br role=\"presentation\" \/><span dir=\"ltr\" role=\"presentation\">2013<\/span> <span dir=\"ltr\" role=\"presentation\">ViaStoria<\/span><br role=\"presentation\" \/><span dir=\"ltr\" role=\"presentation\">2012<\/span> <span dir=\"ltr\" role=\"presentation\">Lausanne<\/span><br role=\"presentation\" \/><span dir=\"ltr\" role=\"presentation\">2011<\/span> <span dir=\"ltr\" role=\"presentation\">Bellinzona<\/span><br role=\"presentation\" \/><span dir=\"ltr\" role=\"presentation\">2010<\/span> <span dir=\"ltr\" role=\"presentation\">Onex und <\/span><span dir=\"ltr\" role=\"presentation\">Luzern<\/span><br role=\"presentation\" \/><span dir=\"ltr\" role=\"presentation\">2009<\/span> <span dir=\"ltr\" role=\"presentation\">Delsberg<\/span><br role=\"presentation\" \/><span dir=\"ltr\" role=\"presentation\">2008<\/span> <span dir=\"ltr\" role=\"presentation\">St. Gallen<\/span><br role=\"presentation\" \/><span dir=\"ltr\" role=\"presentation\">2007<\/span> <span dir=\"ltr\" role=\"presentation\">Grandson<\/span><br role=\"presentation\" \/><span dir=\"ltr\" role=\"presentation\">2005<\/span> <span dir=\"ltr\" role=\"presentation\">Bulle<\/span><br role=\"presentation\" \/><span dir=\"ltr\" role=\"presentation\">2004<\/span> <span dir=\"ltr\" role=\"presentation\">Rapperswil \u2013<\/span><span dir=\"ltr\" role=\"presentation\">Jona<\/span><br role=\"presentation\" \/><span dir=\"ltr\" role=\"presentation\">2003<\/span> <span dir=\"ltr\" role=\"presentation\">Si<\/span><span dir=\"ltr\" role=\"presentation\">tt<\/span><span dir=\"ltr\" role=\"presentation\">en<\/span><br role=\"presentation\" \/><span dir=\"ltr\" role=\"presentation\">2002<\/span> <span dir=\"ltr\" role=\"presentation\">Morges<\/span><\/p>\n","protected":false},"excerpt":{"rendered":"<p>Die \u00abGenussStadt\u00bb ist w\u00e4hrend der j\u00e4hrlichen Ausgabe die privilegierte Botschafterin der Genusswoche. Als solche f\u00fchrt sie das [&hellip;]<\/p>\n","protected":false},"author":1,"featured_media":1130,"parent":0,"menu_order":0,"comment_status":"closed","ping_status":"closed","template":"","meta":{"_acf_changed":false,"footnotes":""},"class_list":["post-964","page","type-page","status-publish","has-post-thumbnail","hentry"],"acf":[],"yoast_head":"<!-- This site is optimized with the Yoast SEO plugin v27.3 - https:\/\/yoast.com\/product\/yoast-seo-wordpress\/ -->\n<title>Bewerbung als GenussStadt - Die Genusswoche<\/title>\n<meta name=\"robots\" content=\"index, follow, max-snippet:-1, max-image-preview:large, max-video-preview:-1\" \/>\n<link rel=\"canonical\" href=\"https:\/\/www.gout.ch\/de\/bewerbung-als-genuss-stadt\/\" \/>\n<meta property=\"og:locale\" content=\"de_DE\" \/>\n<meta property=\"og:type\" content=\"article\" \/>\n<meta property=\"og:title\" content=\"Bewerbung als GenussStadt - Die Genusswoche\" \/>\n<meta property=\"og:description\" content=\"Die \u00abGenussStadt\u00bb ist w\u00e4hrend der j\u00e4hrlichen Ausgabe die privilegierte Botschafterin der Genusswoche. Als solche f\u00fchrt sie das [&hellip;]\" \/>\n<meta property=\"og:url\" content=\"https:\/\/www.gout.ch\/de\/bewerbung-als-genuss-stadt\/\" \/>\n<meta property=\"og:site_name\" content=\"Die Genusswoche\" \/>\n<meta property=\"article:modified_time\" content=\"2026-01-12T06:50:40+00:00\" \/>\n<meta property=\"og:image\" content=\"https:\/\/www.gout.ch\/wp-content\/uploads\/2017\/04\/1509_soupeneuch04-1024x683.jpg\" \/>\n\t<meta property=\"og:image:width\" content=\"1024\" \/>\n\t<meta property=\"og:image:height\" content=\"683\" \/>\n\t<meta property=\"og:image:type\" content=\"image\/jpeg\" \/>\n<meta name=\"twitter:card\" content=\"summary_large_image\" \/>\n<meta name=\"twitter:label1\" content=\"Gesch\u00e4tzte Lesezeit\" \/>\n\t<meta name=\"twitter:data1\" content=\"1\u00a0Minute\" \/>\n<script type=\"application\/ld+json\" class=\"yoast-schema-graph\">{\"@context\":\"https:\\\/\\\/schema.org\",\"@graph\":[{\"@type\":\"WebPage\",\"@id\":\"https:\\\/\\\/www.gout.ch\\\/de\\\/bewerbung-als-genuss-stadt\\\/\",\"url\":\"https:\\\/\\\/www.gout.ch\\\/de\\\/bewerbung-als-genuss-stadt\\\/\",\"name\":\"Bewerbung als GenussStadt - Die Genusswoche\",\"isPartOf\":{\"@id\":\"https:\\\/\\\/www.gout.ch\\\/de\\\/#website\"},\"primaryImageOfPage\":{\"@id\":\"https:\\\/\\\/www.gout.ch\\\/de\\\/bewerbung-als-genuss-stadt\\\/#primaryimage\"},\"image\":{\"@id\":\"https:\\\/\\\/www.gout.ch\\\/de\\\/bewerbung-als-genuss-stadt\\\/#primaryimage\"},\"thumbnailUrl\":\"https:\\\/\\\/www.gout.ch\\\/wp-content\\\/uploads\\\/2017\\\/04\\\/1509_soupeneuch04.jpg\",\"datePublished\":\"2017-03-22T08:16:42+00:00\",\"dateModified\":\"2026-01-12T06:50:40+00:00\",\"breadcrumb\":{\"@id\":\"https:\\\/\\\/www.gout.ch\\\/de\\\/bewerbung-als-genuss-stadt\\\/#breadcrumb\"},\"inLanguage\":\"de\",\"potentialAction\":[{\"@type\":\"ReadAction\",\"target\":[\"https:\\\/\\\/www.gout.ch\\\/de\\\/bewerbung-als-genuss-stadt\\\/\"]}]},{\"@type\":\"ImageObject\",\"inLanguage\":\"de\",\"@id\":\"https:\\\/\\\/www.gout.ch\\\/de\\\/bewerbung-als-genuss-stadt\\\/#primaryimage\",\"url\":\"https:\\\/\\\/www.gout.ch\\\/wp-content\\\/uploads\\\/2017\\\/04\\\/1509_soupeneuch04.jpg\",\"contentUrl\":\"https:\\\/\\\/www.gout.ch\\\/wp-content\\\/uploads\\\/2017\\\/04\\\/1509_soupeneuch04.jpg\",\"width\":2000,\"height\":1333},{\"@type\":\"BreadcrumbList\",\"@id\":\"https:\\\/\\\/www.gout.ch\\\/de\\\/bewerbung-als-genuss-stadt\\\/#breadcrumb\",\"itemListElement\":[{\"@type\":\"ListItem\",\"position\":1,\"name\":\"Accueil\",\"item\":\"https:\\\/\\\/www.gout.ch\\\/de\\\/\"},{\"@type\":\"ListItem\",\"position\":2,\"name\":\"Bewerbung als GenussStadt\"}]},{\"@type\":\"WebSite\",\"@id\":\"https:\\\/\\\/www.gout.ch\\\/de\\\/#website\",\"url\":\"https:\\\/\\\/www.gout.ch\\\/de\\\/\",\"name\":\"Die Genusswoche\",\"description\":\"\",\"potentialAction\":[{\"@type\":\"SearchAction\",\"target\":{\"@type\":\"EntryPoint\",\"urlTemplate\":\"https:\\\/\\\/www.gout.ch\\\/de\\\/?s={search_term_string}\"},\"query-input\":{\"@type\":\"PropertyValueSpecification\",\"valueRequired\":true,\"valueName\":\"search_term_string\"}}],\"inLanguage\":\"de\"}]}<\/script>\n<!-- \/ Yoast SEO plugin. -->","yoast_head_json":{"title":"Bewerbung als GenussStadt - Die Genusswoche","robots":{"index":"index","follow":"follow","max-snippet":"max-snippet:-1","max-image-preview":"max-image-preview:large","max-video-preview":"max-video-preview:-1"},"canonical":"https:\/\/www.gout.ch\/de\/bewerbung-als-genuss-stadt\/","og_locale":"de_DE","og_type":"article","og_title":"Bewerbung als GenussStadt - Die Genusswoche","og_description":"Die \u00abGenussStadt\u00bb ist w\u00e4hrend der j\u00e4hrlichen Ausgabe die privilegierte Botschafterin der Genusswoche. Als solche f\u00fchrt sie das [&hellip;]","og_url":"https:\/\/www.gout.ch\/de\/bewerbung-als-genuss-stadt\/","og_site_name":"Die Genusswoche","article_modified_time":"2026-01-12T06:50:40+00:00","og_image":[{"width":1024,"height":683,"url":"https:\/\/www.gout.ch\/wp-content\/uploads\/2017\/04\/1509_soupeneuch04-1024x683.jpg","type":"image\/jpeg"}],"twitter_card":"summary_large_image","twitter_misc":{"Gesch\u00e4tzte Lesezeit":"1\u00a0Minute"},"schema":{"@context":"https:\/\/schema.org","@graph":[{"@type":"WebPage","@id":"https:\/\/www.gout.ch\/de\/bewerbung-als-genuss-stadt\/","url":"https:\/\/www.gout.ch\/de\/bewerbung-als-genuss-stadt\/","name":"Bewerbung als GenussStadt - Die Genusswoche","isPartOf":{"@id":"https:\/\/www.gout.ch\/de\/#website"},"primaryImageOfPage":{"@id":"https:\/\/www.gout.ch\/de\/bewerbung-als-genuss-stadt\/#primaryimage"},"image":{"@id":"https:\/\/www.gout.ch\/de\/bewerbung-als-genuss-stadt\/#primaryimage"},"thumbnailUrl":"https:\/\/www.gout.ch\/wp-content\/uploads\/2017\/04\/1509_soupeneuch04.jpg","datePublished":"2017-03-22T08:16:42+00:00","dateModified":"2026-01-12T06:50:40+00:00","breadcrumb":{"@id":"https:\/\/www.gout.ch\/de\/bewerbung-als-genuss-stadt\/#breadcrumb"},"inLanguage":"de","potentialAction":[{"@type":"ReadAction","target":["https:\/\/www.gout.ch\/de\/bewerbung-als-genuss-stadt\/"]}]},{"@type":"ImageObject","inLanguage":"de","@id":"https:\/\/www.gout.ch\/de\/bewerbung-als-genuss-stadt\/#primaryimage","url":"https:\/\/www.gout.ch\/wp-content\/uploads\/2017\/04\/1509_soupeneuch04.jpg","contentUrl":"https:\/\/www.gout.ch\/wp-content\/uploads\/2017\/04\/1509_soupeneuch04.jpg","width":2000,"height":1333},{"@type":"BreadcrumbList","@id":"https:\/\/www.gout.ch\/de\/bewerbung-als-genuss-stadt\/#breadcrumb","itemListElement":[{"@type":"ListItem","position":1,"name":"Accueil","item":"https:\/\/www.gout.ch\/de\/"},{"@type":"ListItem","position":2,"name":"Bewerbung als GenussStadt"}]},{"@type":"WebSite","@id":"https:\/\/www.gout.ch\/de\/#website","url":"https:\/\/www.gout.ch\/de\/","name":"Die Genusswoche","description":"","potentialAction":[{"@type":"SearchAction","target":{"@type":"EntryPoint","urlTemplate":"https:\/\/www.gout.ch\/de\/?s={search_term_string}"},"query-input":{"@type":"PropertyValueSpecification","valueRequired":true,"valueName":"search_term_string"}}],"inLanguage":"de"}]}},"_links":{"self":[{"href":"https:\/\/www.gout.ch\/de\/wp-json\/wp\/v2\/pages\/964","targetHints":{"allow":["GET"]}}],"collection":[{"href":"https:\/\/www.gout.ch\/de\/wp-json\/wp\/v2\/pages"}],"about":[{"href":"https:\/\/www.gout.ch\/de\/wp-json\/wp\/v2\/types\/page"}],"author":[{"embeddable":true,"href":"https:\/\/www.gout.ch\/de\/wp-json\/wp\/v2\/users\/1"}],"replies":[{"embeddable":true,"href":"https:\/\/www.gout.ch\/de\/wp-json\/wp\/v2\/comments?post=964"}],"version-history":[{"count":29,"href":"https:\/\/www.gout.ch\/de\/wp-json\/wp\/v2\/pages\/964\/revisions"}],"predecessor-version":[{"id":13377,"href":"https:\/\/www.gout.ch\/de\/wp-json\/wp\/v2\/pages\/964\/revisions\/13377"}],"wp:featuredmedia":[{"embeddable":true,"href":"https:\/\/www.gout.ch\/de\/wp-json\/wp\/v2\/media\/1130"}],"wp:attachment":[{"href":"https:\/\/www.gout.ch\/de\/wp-json\/wp\/v2\/media?parent=964"}],"curies":[{"name":"wp","href":"https:\/\/api.w.org\/{rel}","templated":true}]}}