{"id":10958,"date":"2024-02-28T14:03:01","date_gmt":"2024-02-28T13:03:01","guid":{"rendered":"https:\/\/www.gout.ch\/?page_id=10958"},"modified":"2024-02-28T14:03:01","modified_gmt":"2024-02-28T13:03:01","slug":"gian-battista-e-johann-baptista-von-tscharner","status":"publish","type":"page","link":"https:\/\/www.gout.ch\/it\/gian-battista-e-johann-baptista-von-tscharner\/","title":{"rendered":"Gian-Battista e Johann-Baptista von Tscharner"},"content":{"rendered":"<h3><em>I viticoltori e castellani di Reichenau, Gian-Battista von Tscharner e suo figlio Johann-Baptista, sono i Padrini della Settimana svizzera del Gusto 2024<\/em><\/h3>\n<p><img loading=\"lazy\" decoding=\"async\" class=\"wp-image-10949 alignleft\" src=\"https:\/\/www.gout.ch\/wp-content\/uploads\/2024\/02\/Fotografen_SalzPfeffer_Wingert_Keller-43-scaled.jpg\" alt=\"\" width=\"462\" height=\"693\" \/>Per la seconda volta nella storia di questa manifestazione nazionale, un viticoltore \u00e8 eletto ambasciatore svizzero del Gusto. Dopo Marie-Th\u00e9r\u00e8se Chappaz nel 2009, sono due viticoltori (padre e figlio) che saranno i Padrini svizzeri del Gusto.<\/p>\n<p><a href=\"https:\/\/www.reichenau.ch\/\">Il castello di Reichenau<\/a> troneggia sopra il luogo dove il Reno anteriore e il Reno posteriore si ricongiungono. Una situazione privilegiata in quanto si trova sulla direttrice dell\u2019antica strada commerciale che collegava Coira e Tirano, ovvero la porta verso l\u2019Italia. La strada commerciale \u00e8 diventata una strada del gusto, che porta in Engadina e poi nella Valposchiavo attraversando il passo della Bernina<\/p>\n<p>Proprio in questo castello, vivono i von Tscharner, annoverati tra i migliori viticoltori della Svizzera. Tra l\u2019altro, l\u2019assocazione \u00ab\u00a0M\u00e9moire des Vins Suisses\u00a0\u00bb creata nel 2004 per dimostrare il potenziale di invecchiamento dei vini svizzeri, ha incluso sin dall\u2019inizio del progetto la loro cantina, il cui vitigno di riferimento \u00e8 il Pinot nero. Ma i von Tscharner amano anche il Completer, vitigno pi\u00f9 di nicchia che loro definiscono \u00ab\u00a0Regina dei vini bianchi svizzeri\u201d.<\/p>\n<p>Oltre alla produzione vinicola, i nostri viticoltori e castellani producono anche circa 2 tonnellate di asparagi l\u2019anno, nei terreni sabbiosi del Reno.<\/p>\n<p>\u00ab\u00a0La Settimana svizzera del Gusto 2024 ha la fortuna di avere degli Ambasciatori generosi, veraci e appassionati, proprio come i loro vini, che fanno brillare la produzione viti-vinicola svizzera\u201d sostiene Nicolas Joss, Direttore di Swiss Wine Promotion\u00a0.<\/p>\n","protected":false},"excerpt":{"rendered":"<p>I viticoltori e castellani di Reichenau, Gian-Battista von Tscharner e suo figlio Johann-Baptista, sono i Padrini della [&hellip;]<\/p>\n","protected":false},"author":3,"featured_media":0,"parent":0,"menu_order":0,"comment_status":"closed","ping_status":"closed","template":"","meta":{"_acf_changed":false,"footnotes":""},"class_list":["post-10958","page","type-page","status-publish","hentry"],"acf":[],"yoast_head":"<!-- This site is optimized with the Yoast SEO plugin v27.3 - https:\/\/yoast.com\/product\/yoast-seo-wordpress\/ -->\n<title>Gian-Battista e Johann-Baptista von Tscharner - La Settimana del Gusto<\/title>\n<meta name=\"robots\" content=\"index, follow, max-snippet:-1, max-image-preview:large, max-video-preview:-1\" \/>\n<link rel=\"canonical\" href=\"https:\/\/www.gout.ch\/it\/gian-battista-e-johann-baptista-von-tscharner\/\" \/>\n<meta property=\"og:locale\" content=\"it_IT\" \/>\n<meta property=\"og:type\" content=\"article\" \/>\n<meta property=\"og:title\" content=\"Gian-Battista e Johann-Baptista von Tscharner - La Settimana del Gusto\" \/>\n<meta property=\"og:description\" content=\"I viticoltori e castellani di Reichenau, Gian-Battista von Tscharner e suo figlio Johann-Baptista, sono i Padrini della [&hellip;]\" \/>\n<meta property=\"og:url\" content=\"https:\/\/www.gout.ch\/it\/gian-battista-e-johann-baptista-von-tscharner\/\" \/>\n<meta property=\"og:site_name\" content=\"La Settimana del Gusto\" \/>\n<meta property=\"og:image\" content=\"https:\/\/www.gout.ch\/wp-content\/uploads\/2024\/02\/Fotografen_SalzPfeffer_Wingert_Keller-43-scaled.jpg\" \/>\n<meta name=\"twitter:card\" content=\"summary_large_image\" \/>\n<meta name=\"twitter:label1\" content=\"Tempo di lettura stimato\" \/>\n\t<meta name=\"twitter:data1\" content=\"2 minuti\" \/>\n<script type=\"application\/ld+json\" class=\"yoast-schema-graph\">{\"@context\":\"https:\\\/\\\/schema.org\",\"@graph\":[{\"@type\":\"WebPage\",\"@id\":\"https:\\\/\\\/www.gout.ch\\\/it\\\/gian-battista-e-johann-baptista-von-tscharner\\\/\",\"url\":\"https:\\\/\\\/www.gout.ch\\\/it\\\/gian-battista-e-johann-baptista-von-tscharner\\\/\",\"name\":\"Gian-Battista e Johann-Baptista von Tscharner - La Settimana del Gusto\",\"isPartOf\":{\"@id\":\"https:\\\/\\\/www.gout.ch\\\/de\\\/#website\"},\"primaryImageOfPage\":{\"@id\":\"https:\\\/\\\/www.gout.ch\\\/it\\\/gian-battista-e-johann-baptista-von-tscharner\\\/#primaryimage\"},\"image\":{\"@id\":\"https:\\\/\\\/www.gout.ch\\\/it\\\/gian-battista-e-johann-baptista-von-tscharner\\\/#primaryimage\"},\"thumbnailUrl\":\"https:\\\/\\\/www.gout.ch\\\/wp-content\\\/uploads\\\/2024\\\/02\\\/Fotografen_SalzPfeffer_Wingert_Keller-43-scaled.jpg\",\"datePublished\":\"2024-02-28T13:03:01+00:00\",\"breadcrumb\":{\"@id\":\"https:\\\/\\\/www.gout.ch\\\/it\\\/gian-battista-e-johann-baptista-von-tscharner\\\/#breadcrumb\"},\"inLanguage\":\"it-IT\",\"potentialAction\":[{\"@type\":\"ReadAction\",\"target\":[\"https:\\\/\\\/www.gout.ch\\\/it\\\/gian-battista-e-johann-baptista-von-tscharner\\\/\"]}]},{\"@type\":\"ImageObject\",\"inLanguage\":\"it-IT\",\"@id\":\"https:\\\/\\\/www.gout.ch\\\/it\\\/gian-battista-e-johann-baptista-von-tscharner\\\/#primaryimage\",\"url\":\"https:\\\/\\\/www.gout.ch\\\/wp-content\\\/uploads\\\/2024\\\/02\\\/Fotografen_SalzPfeffer_Wingert_Keller-43-scaled.jpg\",\"contentUrl\":\"https:\\\/\\\/www.gout.ch\\\/wp-content\\\/uploads\\\/2024\\\/02\\\/Fotografen_SalzPfeffer_Wingert_Keller-43-scaled.jpg\"},{\"@type\":\"BreadcrumbList\",\"@id\":\"https:\\\/\\\/www.gout.ch\\\/it\\\/gian-battista-e-johann-baptista-von-tscharner\\\/#breadcrumb\",\"itemListElement\":[{\"@type\":\"ListItem\",\"position\":1,\"name\":\"Accueil\",\"item\":\"https:\\\/\\\/www.gout.ch\\\/it\\\/\"},{\"@type\":\"ListItem\",\"position\":2,\"name\":\"Gian-Battista e Johann-Baptista von Tscharner\"}]},{\"@type\":\"WebSite\",\"@id\":\"https:\\\/\\\/www.gout.ch\\\/de\\\/#website\",\"url\":\"https:\\\/\\\/www.gout.ch\\\/de\\\/\",\"name\":\"La Settimana del Gusto\",\"description\":\"\",\"potentialAction\":[{\"@type\":\"SearchAction\",\"target\":{\"@type\":\"EntryPoint\",\"urlTemplate\":\"https:\\\/\\\/www.gout.ch\\\/de\\\/?s={search_term_string}\"},\"query-input\":{\"@type\":\"PropertyValueSpecification\",\"valueRequired\":true,\"valueName\":\"search_term_string\"}}],\"inLanguage\":\"it-IT\"}]}<\/script>\n<!-- \/ Yoast SEO plugin. -->","yoast_head_json":{"title":"Gian-Battista e Johann-Baptista von Tscharner - La Settimana del Gusto","robots":{"index":"index","follow":"follow","max-snippet":"max-snippet:-1","max-image-preview":"max-image-preview:large","max-video-preview":"max-video-preview:-1"},"canonical":"https:\/\/www.gout.ch\/it\/gian-battista-e-johann-baptista-von-tscharner\/","og_locale":"it_IT","og_type":"article","og_title":"Gian-Battista e Johann-Baptista von Tscharner - La Settimana del Gusto","og_description":"I viticoltori e castellani di Reichenau, Gian-Battista von Tscharner e suo figlio Johann-Baptista, sono i Padrini della [&hellip;]","og_url":"https:\/\/www.gout.ch\/it\/gian-battista-e-johann-baptista-von-tscharner\/","og_site_name":"La Settimana del Gusto","og_image":[{"url":"https:\/\/www.gout.ch\/wp-content\/uploads\/2024\/02\/Fotografen_SalzPfeffer_Wingert_Keller-43-scaled.jpg","type":"","width":"","height":""}],"twitter_card":"summary_large_image","twitter_misc":{"Tempo di lettura stimato":"2 minuti"},"schema":{"@context":"https:\/\/schema.org","@graph":[{"@type":"WebPage","@id":"https:\/\/www.gout.ch\/it\/gian-battista-e-johann-baptista-von-tscharner\/","url":"https:\/\/www.gout.ch\/it\/gian-battista-e-johann-baptista-von-tscharner\/","name":"Gian-Battista e Johann-Baptista von Tscharner - La Settimana del Gusto","isPartOf":{"@id":"https:\/\/www.gout.ch\/de\/#website"},"primaryImageOfPage":{"@id":"https:\/\/www.gout.ch\/it\/gian-battista-e-johann-baptista-von-tscharner\/#primaryimage"},"image":{"@id":"https:\/\/www.gout.ch\/it\/gian-battista-e-johann-baptista-von-tscharner\/#primaryimage"},"thumbnailUrl":"https:\/\/www.gout.ch\/wp-content\/uploads\/2024\/02\/Fotografen_SalzPfeffer_Wingert_Keller-43-scaled.jpg","datePublished":"2024-02-28T13:03:01+00:00","breadcrumb":{"@id":"https:\/\/www.gout.ch\/it\/gian-battista-e-johann-baptista-von-tscharner\/#breadcrumb"},"inLanguage":"it-IT","potentialAction":[{"@type":"ReadAction","target":["https:\/\/www.gout.ch\/it\/gian-battista-e-johann-baptista-von-tscharner\/"]}]},{"@type":"ImageObject","inLanguage":"it-IT","@id":"https:\/\/www.gout.ch\/it\/gian-battista-e-johann-baptista-von-tscharner\/#primaryimage","url":"https:\/\/www.gout.ch\/wp-content\/uploads\/2024\/02\/Fotografen_SalzPfeffer_Wingert_Keller-43-scaled.jpg","contentUrl":"https:\/\/www.gout.ch\/wp-content\/uploads\/2024\/02\/Fotografen_SalzPfeffer_Wingert_Keller-43-scaled.jpg"},{"@type":"BreadcrumbList","@id":"https:\/\/www.gout.ch\/it\/gian-battista-e-johann-baptista-von-tscharner\/#breadcrumb","itemListElement":[{"@type":"ListItem","position":1,"name":"Accueil","item":"https:\/\/www.gout.ch\/it\/"},{"@type":"ListItem","position":2,"name":"Gian-Battista e Johann-Baptista von Tscharner"}]},{"@type":"WebSite","@id":"https:\/\/www.gout.ch\/de\/#website","url":"https:\/\/www.gout.ch\/de\/","name":"La Settimana del Gusto","description":"","potentialAction":[{"@type":"SearchAction","target":{"@type":"EntryPoint","urlTemplate":"https:\/\/www.gout.ch\/de\/?s={search_term_string}"},"query-input":{"@type":"PropertyValueSpecification","valueRequired":true,"valueName":"search_term_string"}}],"inLanguage":"it-IT"}]}},"_links":{"self":[{"href":"https:\/\/www.gout.ch\/it\/wp-json\/wp\/v2\/pages\/10958","targetHints":{"allow":["GET"]}}],"collection":[{"href":"https:\/\/www.gout.ch\/it\/wp-json\/wp\/v2\/pages"}],"about":[{"href":"https:\/\/www.gout.ch\/it\/wp-json\/wp\/v2\/types\/page"}],"author":[{"embeddable":true,"href":"https:\/\/www.gout.ch\/it\/wp-json\/wp\/v2\/users\/3"}],"replies":[{"embeddable":true,"href":"https:\/\/www.gout.ch\/it\/wp-json\/wp\/v2\/comments?post=10958"}],"version-history":[{"count":2,"href":"https:\/\/www.gout.ch\/it\/wp-json\/wp\/v2\/pages\/10958\/revisions"}],"predecessor-version":[{"id":10960,"href":"https:\/\/www.gout.ch\/it\/wp-json\/wp\/v2\/pages\/10958\/revisions\/10960"}],"wp:attachment":[{"href":"https:\/\/www.gout.ch\/it\/wp-json\/wp\/v2\/media?parent=10958"}],"curies":[{"name":"wp","href":"https:\/\/api.w.org\/{rel}","templated":true}]}}