{"id":12994,"date":"2025-08-11T11:07:57","date_gmt":"2025-08-11T09:07:57","guid":{"rendered":"https:\/\/www.gout.ch\/?page_id=12994"},"modified":"2025-08-11T11:35:09","modified_gmt":"2025-08-11T09:35:09","slug":"editoriale-2025","status":"publish","type":"page","link":"https:\/\/www.gout.ch\/it\/editoriale-2025\/","title":{"rendered":"EDITORIALE 2025"},"content":{"rendered":"<h2><img loading=\"lazy\" decoding=\"async\" class=\"alignleft wp-image-12982 size-large\" src=\"https:\/\/www.gout.ch\/wp-content\/uploads\/2025\/08\/SDG_2025_Portrait_JZ-724x1024.jpg\" alt=\"\" width=\"724\" height=\"1024\" \/><\/h2>\n<h2>La solidariet\u00e0 alimentare \u00e8 una priorit\u00e0<\/h2>\n<div class=\"page\" title=\"Page 5\">\n<div class=\"layoutArea\">\n<div class=\"column\">\n<p>Il diritto all\u2019alimentazione, riconosciuto dalla Dichiarazione universale dei diritti umani (1948), non \u00e8 riconosciuto dalla Costituzione federale. Ad oggi, il canton Ginevra \u00e8 l\u2019unico ad averlo iscritto nella sua legislazione, in seguito ad un voto popolare.<\/p>\n<p>In effetti, in uno dei paesi pi\u00f9 ricchi al mondo, l\u20198,5% della popolazione fa fatica ad arrivare a fine mese e quasi il 15% \u00e8 a rischio precariet\u00e0. Oggi, questa fascia della popolazione dipende dall\u2019aiuto alimentare. Il cibo \u00e8 diventato una variabile d&#8217;aggiustamento nel bilancio delle famiglie. Una famiglia svizzera spende in media 600 franchi al mese per alimentarsi.<\/p>\n<p>Mentre gli studi concordano nell\u2019affermare che il cibo spazzatura e l&#8217;obesit\u00e0 si concentrano nei quartieri popolari delle citt\u00e0, la Confederazione ha deciso di non finanziare pi\u00f9 le misure di prevenzione del sovrappeso che colpisce il 43% della popolazione elvetica !<\/p>\n<p>Da 25 anni ormai, la Settimana svizzera del Gusto si \u00e8 imposta come un evento nazionale che punta a mettere la questione dell&#8217;alimentazione al centro della nostra vita quotidiana. Abbiamo una grande responsabilit\u00e0. Sappiamo che il sistema alimentare industriale di oggi \u00e8 incapace di nutrire 9 milioni di persone mantenendo il piacere del gusto. Ci troveremo in un vicolo cieco se lasciamo il nostro cibo in balia di un&#8217;industria che vuole decidere al nostro posto quello che dobbiamo mangiare. Il suo programma \u00e8 palese : zero masticazione, zero preparazione, zero calorie, zero agricoltura contadina, ma alla fine, 35% di scarti !<\/p>\n<p>Delle misure politiche potrebbero essere decise su base volontaria : lezioni di gusto e di alimentazione in tutti i luoghi di formazione a partire dalla primissima infanzia, eliminazione dell&#8217;iva sulla frutta e la verdura, implementazione di un&#8217;assistenza sociale alimentare, valorizzazione delle piccole aziende, dei negozi alimentari alternativi e della vendita diretta. Queste misure permetterebbero di mangiare bene con alimenti di qualit\u00e0 e ric- chi di gusto. Perch\u00e9 lasciare tutto alla sola responsabilit\u00e0 individuale non \u00e8 una risposta adeguata.<\/p>\n<p>Partecipate alle centinaia di eventi che la Settimana del Gusto offre in tutto il Paese a settembre. Nella convivialit\u00e0 e nell&#8217;allegria, vogliamo affermare che il cibo appartiene a chi mangia !<\/p>\n<p>&nbsp;<\/p>\n<\/div>\n<\/div>\n<div class=\"layoutArea\">\n<div class=\"column\">\n<p><strong>Josef Zisyadis<\/strong><br \/>\nDirettore della Fondazione per la promozione del Gusto<\/p>\n<\/div>\n<\/div>\n<\/div>\n","protected":false},"excerpt":{"rendered":"<p>La solidariet\u00e0 alimentare \u00e8 una priorit\u00e0 Il diritto all\u2019alimentazione, riconosciuto dalla Dichiarazione universale dei diritti umani (1948), [&hellip;]<\/p>\n","protected":false},"author":3,"featured_media":12961,"parent":0,"menu_order":0,"comment_status":"closed","ping_status":"closed","template":"","meta":{"_acf_changed":false,"footnotes":""},"class_list":["post-12994","page","type-page","status-publish","has-post-thumbnail","hentry"],"acf":[],"yoast_head":"<!-- This site is optimized with the Yoast SEO plugin v27.4 - https:\/\/yoast.com\/product\/yoast-seo-wordpress\/ -->\n<title>EDITORIALE 2025 - La Settimana del Gusto<\/title>\n<meta name=\"robots\" content=\"index, follow, max-snippet:-1, max-image-preview:large, max-video-preview:-1\" \/>\n<link rel=\"canonical\" href=\"https:\/\/www.gout.ch\/it\/editoriale-2025\/\" \/>\n<meta property=\"og:locale\" content=\"it_IT\" \/>\n<meta property=\"og:type\" content=\"article\" \/>\n<meta property=\"og:title\" content=\"EDITORIALE 2025 - La Settimana del Gusto\" \/>\n<meta property=\"og:description\" content=\"La solidariet\u00e0 alimentare \u00e8 una priorit\u00e0 Il diritto all\u2019alimentazione, riconosciuto dalla Dichiarazione universale dei diritti umani (1948), [&hellip;]\" \/>\n<meta property=\"og:url\" content=\"https:\/\/www.gout.ch\/it\/editoriale-2025\/\" \/>\n<meta property=\"og:site_name\" content=\"La Settimana del Gusto\" \/>\n<meta property=\"article:modified_time\" content=\"2025-08-11T09:35:09+00:00\" \/>\n<meta property=\"og:image\" content=\"https:\/\/www.gout.ch\/wp-content\/uploads\/2025\/08\/SDG_2025_ImageT.jpg\" \/>\n\t<meta property=\"og:image:width\" content=\"1080\" \/>\n\t<meta property=\"og:image:height\" content=\"1080\" \/>\n\t<meta property=\"og:image:type\" content=\"image\/jpeg\" \/>\n<meta name=\"twitter:card\" content=\"summary_large_image\" \/>\n<meta name=\"twitter:label1\" content=\"Tempo di lettura stimato\" \/>\n\t<meta name=\"twitter:data1\" content=\"3 minuti\" \/>\n<script type=\"application\/ld+json\" class=\"yoast-schema-graph\">{\"@context\":\"https:\\\/\\\/schema.org\",\"@graph\":[{\"@type\":\"WebPage\",\"@id\":\"https:\\\/\\\/www.gout.ch\\\/it\\\/editoriale-2025\\\/\",\"url\":\"https:\\\/\\\/www.gout.ch\\\/it\\\/editoriale-2025\\\/\",\"name\":\"EDITORIALE 2025 - La Settimana del Gusto\",\"isPartOf\":{\"@id\":\"https:\\\/\\\/www.gout.ch\\\/de\\\/#website\"},\"primaryImageOfPage\":{\"@id\":\"https:\\\/\\\/www.gout.ch\\\/it\\\/editoriale-2025\\\/#primaryimage\"},\"image\":{\"@id\":\"https:\\\/\\\/www.gout.ch\\\/it\\\/editoriale-2025\\\/#primaryimage\"},\"thumbnailUrl\":\"https:\\\/\\\/www.gout.ch\\\/wp-content\\\/uploads\\\/2025\\\/08\\\/SDG_2025_ImageT.jpg\",\"datePublished\":\"2025-08-11T09:07:57+00:00\",\"dateModified\":\"2025-08-11T09:35:09+00:00\",\"breadcrumb\":{\"@id\":\"https:\\\/\\\/www.gout.ch\\\/it\\\/editoriale-2025\\\/#breadcrumb\"},\"inLanguage\":\"it-IT\",\"potentialAction\":[{\"@type\":\"ReadAction\",\"target\":[\"https:\\\/\\\/www.gout.ch\\\/it\\\/editoriale-2025\\\/\"]}]},{\"@type\":\"ImageObject\",\"inLanguage\":\"it-IT\",\"@id\":\"https:\\\/\\\/www.gout.ch\\\/it\\\/editoriale-2025\\\/#primaryimage\",\"url\":\"https:\\\/\\\/www.gout.ch\\\/wp-content\\\/uploads\\\/2025\\\/08\\\/SDG_2025_ImageT.jpg\",\"contentUrl\":\"https:\\\/\\\/www.gout.ch\\\/wp-content\\\/uploads\\\/2025\\\/08\\\/SDG_2025_ImageT.jpg\",\"width\":1080,\"height\":1080},{\"@type\":\"BreadcrumbList\",\"@id\":\"https:\\\/\\\/www.gout.ch\\\/it\\\/editoriale-2025\\\/#breadcrumb\",\"itemListElement\":[{\"@type\":\"ListItem\",\"position\":1,\"name\":\"Accueil\",\"item\":\"https:\\\/\\\/www.gout.ch\\\/it\\\/\"},{\"@type\":\"ListItem\",\"position\":2,\"name\":\"EDITORIALE 2025\"}]},{\"@type\":\"WebSite\",\"@id\":\"https:\\\/\\\/www.gout.ch\\\/de\\\/#website\",\"url\":\"https:\\\/\\\/www.gout.ch\\\/de\\\/\",\"name\":\"La Settimana del Gusto\",\"description\":\"\",\"potentialAction\":[{\"@type\":\"SearchAction\",\"target\":{\"@type\":\"EntryPoint\",\"urlTemplate\":\"https:\\\/\\\/www.gout.ch\\\/de\\\/?s={search_term_string}\"},\"query-input\":{\"@type\":\"PropertyValueSpecification\",\"valueRequired\":true,\"valueName\":\"search_term_string\"}}],\"inLanguage\":\"it-IT\"}]}<\/script>\n<!-- \/ Yoast SEO plugin. -->","yoast_head_json":{"title":"EDITORIALE 2025 - La Settimana del Gusto","robots":{"index":"index","follow":"follow","max-snippet":"max-snippet:-1","max-image-preview":"max-image-preview:large","max-video-preview":"max-video-preview:-1"},"canonical":"https:\/\/www.gout.ch\/it\/editoriale-2025\/","og_locale":"it_IT","og_type":"article","og_title":"EDITORIALE 2025 - La Settimana del Gusto","og_description":"La solidariet\u00e0 alimentare \u00e8 una priorit\u00e0 Il diritto all\u2019alimentazione, riconosciuto dalla Dichiarazione universale dei diritti umani (1948), [&hellip;]","og_url":"https:\/\/www.gout.ch\/it\/editoriale-2025\/","og_site_name":"La Settimana del Gusto","article_modified_time":"2025-08-11T09:35:09+00:00","og_image":[{"width":1080,"height":1080,"url":"https:\/\/www.gout.ch\/wp-content\/uploads\/2025\/08\/SDG_2025_ImageT.jpg","type":"image\/jpeg"}],"twitter_card":"summary_large_image","twitter_misc":{"Tempo di lettura stimato":"3 minuti"},"schema":{"@context":"https:\/\/schema.org","@graph":[{"@type":"WebPage","@id":"https:\/\/www.gout.ch\/it\/editoriale-2025\/","url":"https:\/\/www.gout.ch\/it\/editoriale-2025\/","name":"EDITORIALE 2025 - La Settimana del Gusto","isPartOf":{"@id":"https:\/\/www.gout.ch\/de\/#website"},"primaryImageOfPage":{"@id":"https:\/\/www.gout.ch\/it\/editoriale-2025\/#primaryimage"},"image":{"@id":"https:\/\/www.gout.ch\/it\/editoriale-2025\/#primaryimage"},"thumbnailUrl":"https:\/\/www.gout.ch\/wp-content\/uploads\/2025\/08\/SDG_2025_ImageT.jpg","datePublished":"2025-08-11T09:07:57+00:00","dateModified":"2025-08-11T09:35:09+00:00","breadcrumb":{"@id":"https:\/\/www.gout.ch\/it\/editoriale-2025\/#breadcrumb"},"inLanguage":"it-IT","potentialAction":[{"@type":"ReadAction","target":["https:\/\/www.gout.ch\/it\/editoriale-2025\/"]}]},{"@type":"ImageObject","inLanguage":"it-IT","@id":"https:\/\/www.gout.ch\/it\/editoriale-2025\/#primaryimage","url":"https:\/\/www.gout.ch\/wp-content\/uploads\/2025\/08\/SDG_2025_ImageT.jpg","contentUrl":"https:\/\/www.gout.ch\/wp-content\/uploads\/2025\/08\/SDG_2025_ImageT.jpg","width":1080,"height":1080},{"@type":"BreadcrumbList","@id":"https:\/\/www.gout.ch\/it\/editoriale-2025\/#breadcrumb","itemListElement":[{"@type":"ListItem","position":1,"name":"Accueil","item":"https:\/\/www.gout.ch\/it\/"},{"@type":"ListItem","position":2,"name":"EDITORIALE 2025"}]},{"@type":"WebSite","@id":"https:\/\/www.gout.ch\/de\/#website","url":"https:\/\/www.gout.ch\/de\/","name":"La Settimana del Gusto","description":"","potentialAction":[{"@type":"SearchAction","target":{"@type":"EntryPoint","urlTemplate":"https:\/\/www.gout.ch\/de\/?s={search_term_string}"},"query-input":{"@type":"PropertyValueSpecification","valueRequired":true,"valueName":"search_term_string"}}],"inLanguage":"it-IT"}]}},"_links":{"self":[{"href":"https:\/\/www.gout.ch\/it\/wp-json\/wp\/v2\/pages\/12994","targetHints":{"allow":["GET"]}}],"collection":[{"href":"https:\/\/www.gout.ch\/it\/wp-json\/wp\/v2\/pages"}],"about":[{"href":"https:\/\/www.gout.ch\/it\/wp-json\/wp\/v2\/types\/page"}],"author":[{"embeddable":true,"href":"https:\/\/www.gout.ch\/it\/wp-json\/wp\/v2\/users\/3"}],"replies":[{"embeddable":true,"href":"https:\/\/www.gout.ch\/it\/wp-json\/wp\/v2\/comments?post=12994"}],"version-history":[{"count":3,"href":"https:\/\/www.gout.ch\/it\/wp-json\/wp\/v2\/pages\/12994\/revisions"}],"predecessor-version":[{"id":13004,"href":"https:\/\/www.gout.ch\/it\/wp-json\/wp\/v2\/pages\/12994\/revisions\/13004"}],"wp:featuredmedia":[{"embeddable":true,"href":"https:\/\/www.gout.ch\/it\/wp-json\/wp\/v2\/media\/12961"}],"wp:attachment":[{"href":"https:\/\/www.gout.ch\/it\/wp-json\/wp\/v2\/media?parent=12994"}],"curies":[{"name":"wp","href":"https:\/\/api.w.org\/{rel}","templated":true}]}}