{"id":50,"date":"2017-03-02T15:31:07","date_gmt":"2017-03-02T14:31:07","guid":{"rendered":"https:\/\/www.gout.ch\/?page_id=50"},"modified":"2026-04-07T17:09:20","modified_gmt":"2026-04-07T15:09:20","slug":"buoni-per-i-giovani","status":"publish","type":"page","link":"https:\/\/www.gout.ch\/it\/buoni-per-i-giovani\/","title":{"rendered":"Buoni per i giovani"},"content":{"rendered":"<p><strong>I Buoni per i giovani danno l\u2019opportunit\u00e0 ai ragazzi dai 18 ai 25 anni di scoprire l\u2019alta gastronomia e permettono ai ristoratori di accogliere la loro clientela del futuro.<\/strong><\/p>\n<p>Un buono d\u00e0 diritto a un menu gastronomico di quattro portate, accompagnate da quattro once di vino (mezzo decilitro circa) per una somma di 60.- CHF. E dato che su una buona tavola non pu\u00f2 mancare un buon vino, le associazioni viticole cantonali sostengono l\u2019operazione: l\u2019<a href=\"https:\/\/swisswinevalais.ch\/\">Interprofessione della vigna e del vino del Vallese<\/a>, l\u2019<a href=\"https:\/\/www.ovv.ch\/\">Office des Vins Vaudois<\/a>, l&#8217;<a href=\"https:\/\/vully.ch\/\">Interprofession di Vins du Vully<\/a>, <a href=\"https:\/\/neuchatel-vins-terroir.ch\/\">Neuch\u00e2tel Vins et Terroir<\/a>, l\u2019<a href=\"https:\/\/www.opage.ch\/\">OPAGE<\/a>, <a href=\"https:\/\/www.ticinowine.ch\/\">Ticinowine<\/a>.<\/p>\n<p>L\u2019occasione sognata da tutti i giovani epicurei per iniziarsi all\u2019arte della gastronomia!<\/p>\n<h2>Come funziona?<\/h2>\n<h3>PER I GIOVANI<\/h3>\n<p><u>Acquisto<\/u>: I buoni sono disponibili per la prenotazione esclusivamente sul sito <a href=\"http:\/\/www.gout.ch\/it\/\">www.gout.ch<\/a> <strong>dal 15 agosto al 27 settembre<\/strong> e sono destinati ai giovani dai 18 ai 25 anni. Le date per le quali il ristoratore d\u00e0 la propria disponibilit\u00e0 sono indicate sulla piattaforma di prenotazione online, ma la prenotazione definitiva si fa presso il ristorante.<\/p>\n<p><u>Al ristorante<\/u>: La somma di CHF 60.- \u00e8 corrisposta direttamente al ristoratore. I buoni sono validi durante la Settimana del Gusto, <strong>dal 17 al 27 settembre 2026<\/strong>.<\/p>\n<p>&nbsp;<\/p>\n<h3>PER I RISTORATORI<\/h3>\n<p><u>Iscrizione<\/u>: Il ristoratore definisce il numero di buoni che intende accettare, le date in cui \u00e8 possibile prenotare e il nome dell\u2019associazione vitivinicola alla quale si associa.<\/p>\n<p><u>Sul posto<\/u>: Il ristoratore deve verificare l\u2019et\u00e0 dei partecipanti e il numero del buono. Ha il diritto di richiedere l\u2019intero importo nel caso in cui il partecipante dovesse avere pi\u00f9 di 25 anni. Bevande e caff\u00e8 non sono compresi nel prezzo.<\/p>\n<p><u>Pagamento<\/u>: Il prezzo \u00e8 di CHF 60.- per buono da pagarsi alla fine del pasto. La Settimana del Gusto declina ogni responsabilit\u00e0 nel caso in cui, anche in assenza di annullamento della prenotazione, il cliente non si presenti. La fattura dovr\u00e0 essere in quel caso indirizzata al cliente, salvo accordi diversi con il ristoratore.<\/p>\n<p><strong>Se siete un ristorante e desiderate partecipare a questa iniziativa nel 2026 o semplicemente saperne di pi\u00f9, non esistate a <a href=\"mailto:secretariat@gout.ch\">contattarci<\/a> fino al 31 luglio!<\/strong><\/p>\n<p>&nbsp;<\/p>\n<p><strong>I buoni saranno messi a disposizione venerd\u00ec 15 agosto 2026 a partire dalle ore 12:00.<\/strong><\/p>\n<p>Con il sostegno di:<\/p>\n<p><a href=\"https:\/\/www.swisswine.ch\/fr\"><img loading=\"lazy\" decoding=\"async\" class=\"alignnone wp-image-12087\" src=\"https:\/\/www.gout.ch\/wp-content\/uploads\/2024\/11\/logo-sw-150x150.webp\" alt=\"\" width=\"113\" height=\"113\" \/><\/a><img loading=\"lazy\" decoding=\"async\" class=\"alignnone wp-image-1634\" src=\"https:\/\/www.gout.ch\/wp-content\/uploads\/2017\/03\/logo-vignerons-vully-RVB.jpg\" alt=\"\" width=\"90\" height=\"86\" \/><img loading=\"lazy\" decoding=\"async\" class=\"wp-image-9622 alignnone\" src=\"https:\/\/www.gout.ch\/wp-content\/uploads\/2022\/05\/SDG_Bons-Jeunes_logo_GE-300x118.png\" alt=\"\" width=\"186\" height=\"73\" \/><img loading=\"lazy\" decoding=\"async\" class=\"wp-image-1643 alignnone\" src=\"https:\/\/www.gout.ch\/wp-content\/uploads\/2017\/03\/Neucha\u0302tel-vins-terroir.png\" alt=\"\" width=\"129\" height=\"82\" \/><img loading=\"lazy\" decoding=\"async\" class=\"wp-image-9619 alignnone\" src=\"https:\/\/www.gout.ch\/wp-content\/uploads\/2022\/05\/SW_Valais-300x137.jpg\" alt=\"\" width=\"131\" height=\"60\" \/><img loading=\"lazy\" decoding=\"async\" class=\"wp-image-9616 alignnone\" style=\"font-size: 10.72px; font-weight: bold;\" src=\"https:\/\/www.gout.ch\/wp-content\/uploads\/2022\/05\/SDG_Bons-Jeunes_logo_VD-300x96.png\" alt=\"\" width=\"213\" height=\"68\" \/><img loading=\"lazy\" decoding=\"async\" class=\"alignnone wp-image-10562\" src=\"https:\/\/www.gout.ch\/wp-content\/uploads\/2023\/07\/ticinowine-promozion-vitivinivola-ticinese-1.png\" alt=\"\" width=\"149\" height=\"56\" \/><\/p>\n","protected":false},"excerpt":{"rendered":"<p>I Buoni per i giovani danno l\u2019opportunit\u00e0 ai ragazzi dai 18 ai 25 anni di scoprire l\u2019alta [&hellip;]<\/p>\n","protected":false},"author":1,"featured_media":7562,"parent":0,"menu_order":0,"comment_status":"closed","ping_status":"closed","template":"","meta":{"_acf_changed":false,"footnotes":""},"class_list":["post-50","page","type-page","status-publish","has-post-thumbnail","hentry"],"acf":[],"yoast_head":"<!-- This site is optimized with the Yoast SEO plugin v27.4 - https:\/\/yoast.com\/product\/yoast-seo-wordpress\/ -->\n<title>Buoni per i giovani - La Settimana del Gusto<\/title>\n<meta name=\"robots\" content=\"index, follow, max-snippet:-1, max-image-preview:large, max-video-preview:-1\" \/>\n<link rel=\"canonical\" href=\"https:\/\/www.gout.ch\/it\/buoni-per-i-giovani\/\" \/>\n<meta property=\"og:locale\" content=\"it_IT\" \/>\n<meta property=\"og:type\" content=\"article\" \/>\n<meta property=\"og:title\" content=\"Buoni per i giovani - La Settimana del Gusto\" \/>\n<meta property=\"og:description\" content=\"I Buoni per i giovani danno l\u2019opportunit\u00e0 ai ragazzi dai 18 ai 25 anni di scoprire l\u2019alta [&hellip;]\" \/>\n<meta property=\"og:url\" content=\"https:\/\/www.gout.ch\/it\/buoni-per-i-giovani\/\" \/>\n<meta property=\"og:site_name\" content=\"La Settimana del Gusto\" \/>\n<meta property=\"article:modified_time\" content=\"2026-04-07T15:09:20+00:00\" \/>\n<meta property=\"og:image\" content=\"https:\/\/www.gout.ch\/wp-content\/uploads\/2021\/03\/SDG_2021_BonJeunes_Bandeau_IT_1920x1050.jpg\" \/>\n\t<meta property=\"og:image:width\" content=\"1920\" \/>\n\t<meta property=\"og:image:height\" content=\"1050\" \/>\n\t<meta property=\"og:image:type\" content=\"image\/jpeg\" \/>\n<meta name=\"twitter:card\" content=\"summary_large_image\" \/>\n<meta name=\"twitter:label1\" content=\"Tempo di lettura stimato\" \/>\n\t<meta name=\"twitter:data1\" content=\"4 minuti\" \/>\n<script type=\"application\/ld+json\" class=\"yoast-schema-graph\">{\"@context\":\"https:\\\/\\\/schema.org\",\"@graph\":[{\"@type\":\"WebPage\",\"@id\":\"https:\\\/\\\/www.gout.ch\\\/it\\\/buoni-per-i-giovani\\\/\",\"url\":\"https:\\\/\\\/www.gout.ch\\\/it\\\/buoni-per-i-giovani\\\/\",\"name\":\"Buoni per i giovani - La Settimana del Gusto\",\"isPartOf\":{\"@id\":\"https:\\\/\\\/www.gout.ch\\\/de\\\/#website\"},\"primaryImageOfPage\":{\"@id\":\"https:\\\/\\\/www.gout.ch\\\/it\\\/buoni-per-i-giovani\\\/#primaryimage\"},\"image\":{\"@id\":\"https:\\\/\\\/www.gout.ch\\\/it\\\/buoni-per-i-giovani\\\/#primaryimage\"},\"thumbnailUrl\":\"https:\\\/\\\/www.gout.ch\\\/wp-content\\\/uploads\\\/2021\\\/03\\\/SDG_2021_BonJeunes_Bandeau_IT_1920x1050.jpg\",\"datePublished\":\"2017-03-02T14:31:07+00:00\",\"dateModified\":\"2026-04-07T15:09:20+00:00\",\"breadcrumb\":{\"@id\":\"https:\\\/\\\/www.gout.ch\\\/it\\\/buoni-per-i-giovani\\\/#breadcrumb\"},\"inLanguage\":\"it-IT\",\"potentialAction\":[{\"@type\":\"ReadAction\",\"target\":[\"https:\\\/\\\/www.gout.ch\\\/it\\\/buoni-per-i-giovani\\\/\"]}]},{\"@type\":\"ImageObject\",\"inLanguage\":\"it-IT\",\"@id\":\"https:\\\/\\\/www.gout.ch\\\/it\\\/buoni-per-i-giovani\\\/#primaryimage\",\"url\":\"https:\\\/\\\/www.gout.ch\\\/wp-content\\\/uploads\\\/2021\\\/03\\\/SDG_2021_BonJeunes_Bandeau_IT_1920x1050.jpg\",\"contentUrl\":\"https:\\\/\\\/www.gout.ch\\\/wp-content\\\/uploads\\\/2021\\\/03\\\/SDG_2021_BonJeunes_Bandeau_IT_1920x1050.jpg\",\"width\":1920,\"height\":1050},{\"@type\":\"BreadcrumbList\",\"@id\":\"https:\\\/\\\/www.gout.ch\\\/it\\\/buoni-per-i-giovani\\\/#breadcrumb\",\"itemListElement\":[{\"@type\":\"ListItem\",\"position\":1,\"name\":\"Accueil\",\"item\":\"https:\\\/\\\/www.gout.ch\\\/it\\\/\"},{\"@type\":\"ListItem\",\"position\":2,\"name\":\"Buoni per i giovani\"}]},{\"@type\":\"WebSite\",\"@id\":\"https:\\\/\\\/www.gout.ch\\\/de\\\/#website\",\"url\":\"https:\\\/\\\/www.gout.ch\\\/de\\\/\",\"name\":\"La Settimana del Gusto\",\"description\":\"\",\"potentialAction\":[{\"@type\":\"SearchAction\",\"target\":{\"@type\":\"EntryPoint\",\"urlTemplate\":\"https:\\\/\\\/www.gout.ch\\\/de\\\/?s={search_term_string}\"},\"query-input\":{\"@type\":\"PropertyValueSpecification\",\"valueRequired\":true,\"valueName\":\"search_term_string\"}}],\"inLanguage\":\"it-IT\"}]}<\/script>\n<!-- \/ Yoast SEO plugin. -->","yoast_head_json":{"title":"Buoni per i giovani - La Settimana del Gusto","robots":{"index":"index","follow":"follow","max-snippet":"max-snippet:-1","max-image-preview":"max-image-preview:large","max-video-preview":"max-video-preview:-1"},"canonical":"https:\/\/www.gout.ch\/it\/buoni-per-i-giovani\/","og_locale":"it_IT","og_type":"article","og_title":"Buoni per i giovani - La Settimana del Gusto","og_description":"I Buoni per i giovani danno l\u2019opportunit\u00e0 ai ragazzi dai 18 ai 25 anni di scoprire l\u2019alta [&hellip;]","og_url":"https:\/\/www.gout.ch\/it\/buoni-per-i-giovani\/","og_site_name":"La Settimana del Gusto","article_modified_time":"2026-04-07T15:09:20+00:00","og_image":[{"width":1920,"height":1050,"url":"https:\/\/www.gout.ch\/wp-content\/uploads\/2021\/03\/SDG_2021_BonJeunes_Bandeau_IT_1920x1050.jpg","type":"image\/jpeg"}],"twitter_card":"summary_large_image","twitter_misc":{"Tempo di lettura stimato":"4 minuti"},"schema":{"@context":"https:\/\/schema.org","@graph":[{"@type":"WebPage","@id":"https:\/\/www.gout.ch\/it\/buoni-per-i-giovani\/","url":"https:\/\/www.gout.ch\/it\/buoni-per-i-giovani\/","name":"Buoni per i giovani - La Settimana del Gusto","isPartOf":{"@id":"https:\/\/www.gout.ch\/de\/#website"},"primaryImageOfPage":{"@id":"https:\/\/www.gout.ch\/it\/buoni-per-i-giovani\/#primaryimage"},"image":{"@id":"https:\/\/www.gout.ch\/it\/buoni-per-i-giovani\/#primaryimage"},"thumbnailUrl":"https:\/\/www.gout.ch\/wp-content\/uploads\/2021\/03\/SDG_2021_BonJeunes_Bandeau_IT_1920x1050.jpg","datePublished":"2017-03-02T14:31:07+00:00","dateModified":"2026-04-07T15:09:20+00:00","breadcrumb":{"@id":"https:\/\/www.gout.ch\/it\/buoni-per-i-giovani\/#breadcrumb"},"inLanguage":"it-IT","potentialAction":[{"@type":"ReadAction","target":["https:\/\/www.gout.ch\/it\/buoni-per-i-giovani\/"]}]},{"@type":"ImageObject","inLanguage":"it-IT","@id":"https:\/\/www.gout.ch\/it\/buoni-per-i-giovani\/#primaryimage","url":"https:\/\/www.gout.ch\/wp-content\/uploads\/2021\/03\/SDG_2021_BonJeunes_Bandeau_IT_1920x1050.jpg","contentUrl":"https:\/\/www.gout.ch\/wp-content\/uploads\/2021\/03\/SDG_2021_BonJeunes_Bandeau_IT_1920x1050.jpg","width":1920,"height":1050},{"@type":"BreadcrumbList","@id":"https:\/\/www.gout.ch\/it\/buoni-per-i-giovani\/#breadcrumb","itemListElement":[{"@type":"ListItem","position":1,"name":"Accueil","item":"https:\/\/www.gout.ch\/it\/"},{"@type":"ListItem","position":2,"name":"Buoni per i giovani"}]},{"@type":"WebSite","@id":"https:\/\/www.gout.ch\/de\/#website","url":"https:\/\/www.gout.ch\/de\/","name":"La Settimana del Gusto","description":"","potentialAction":[{"@type":"SearchAction","target":{"@type":"EntryPoint","urlTemplate":"https:\/\/www.gout.ch\/de\/?s={search_term_string}"},"query-input":{"@type":"PropertyValueSpecification","valueRequired":true,"valueName":"search_term_string"}}],"inLanguage":"it-IT"}]}},"_links":{"self":[{"href":"https:\/\/www.gout.ch\/it\/wp-json\/wp\/v2\/pages\/50","targetHints":{"allow":["GET"]}}],"collection":[{"href":"https:\/\/www.gout.ch\/it\/wp-json\/wp\/v2\/pages"}],"about":[{"href":"https:\/\/www.gout.ch\/it\/wp-json\/wp\/v2\/types\/page"}],"author":[{"embeddable":true,"href":"https:\/\/www.gout.ch\/it\/wp-json\/wp\/v2\/users\/1"}],"replies":[{"embeddable":true,"href":"https:\/\/www.gout.ch\/it\/wp-json\/wp\/v2\/comments?post=50"}],"version-history":[{"count":261,"href":"https:\/\/www.gout.ch\/it\/wp-json\/wp\/v2\/pages\/50\/revisions"}],"predecessor-version":[{"id":13681,"href":"https:\/\/www.gout.ch\/it\/wp-json\/wp\/v2\/pages\/50\/revisions\/13681"}],"wp:featuredmedia":[{"embeddable":true,"href":"https:\/\/www.gout.ch\/it\/wp-json\/wp\/v2\/media\/7562"}],"wp:attachment":[{"href":"https:\/\/www.gout.ch\/it\/wp-json\/wp\/v2\/media?parent=50"}],"curies":[{"name":"wp","href":"https:\/\/api.w.org\/{rel}","templated":true}]}}